{"id":1444,"date":"2024-03-27T23:16:42","date_gmt":"2024-03-28T02:16:42","guid":{"rendered":"https:\/\/mcriotourguide.com\/tour-franca-antarctica\/"},"modified":"2024-05-14T15:42:02","modified_gmt":"2024-05-14T18:42:02","slug":"tour-franca-antarctica","status":"publish","type":"page","link":"https:\/\/mcriotourguide.com\/pt-br\/tour-franca-antarctica\/","title":{"rendered":"Tour Fran\u00e7a Antarctica"},"content":{"rendered":"\t\t<div data-elementor-type=\"wp-page\" data-elementor-id=\"1444\" class=\"elementor elementor-1444\" data-elementor-post-type=\"page\">\n\t\t\t\t\t\t<section class=\"elementor-section elementor-top-section elementor-element elementor-element-5950d4cc elementor-section-content-middle elementor-section-boxed elementor-section-height-default elementor-section-height-default\" data-id=\"5950d4cc\" data-element_type=\"section\">\n\t\t\t\t\t\t<div class=\"elementor-container elementor-column-gap-no\">\n\t\t\t\t\t<div class=\"aux-parallax-section elementor-column elementor-col-33 elementor-top-column elementor-element elementor-element-7d3b7eda\" data-id=\"7d3b7eda\" data-element_type=\"column\">\n\t\t\t<div class=\"elementor-widget-wrap elementor-element-populated\">\n\t\t\t\t\t\t<div class=\"elementor-element elementor-element-292ddd0d elementor-widget elementor-widget-heading\" data-id=\"292ddd0d\" data-element_type=\"widget\" data-widget_type=\"heading.default\">\n\t\t\t\t<div class=\"elementor-widget-container\">\n\t\t\t\t\t<h3 class=\"elementor-heading-title elementor-size-default\">TOUR : <br>A FRAN\u00c7A <br>ANTARCTICA<br> E A FUNDA\u00c7\u00c3O <br>DA CIDADE DO  <br>RIO DE JANEIRO<\/h3>\t\t\t\t<\/div>\n\t\t\t\t<\/div>\n\t\t\t\t<div class=\"elementor-element elementor-element-5c7daae elementor-widget-divider--view-line elementor-widget elementor-widget-divider\" data-id=\"5c7daae\" data-element_type=\"widget\" data-widget_type=\"divider.default\">\n\t\t\t\t<div class=\"elementor-widget-container\">\n\t\t\t\t\t\t\t<div class=\"elementor-divider\">\n\t\t\t<span class=\"elementor-divider-separator\">\n\t\t\t\t\t\t<\/span>\n\t\t<\/div>\n\t\t\t\t\t\t<\/div>\n\t\t\t\t<\/div>\n\t\t\t\t\t<\/div>\n\t\t<\/div>\n\t\t\t\t<div class=\"aux-parallax-section elementor-column elementor-col-33 elementor-top-column elementor-element elementor-element-77b4c024\" data-id=\"77b4c024\" data-element_type=\"column\">\n\t\t\t<div class=\"elementor-widget-wrap elementor-element-populated\">\n\t\t\t\t\t\t<div class=\"elementor-element elementor-element-3b03e926 elementor-widget elementor-widget-image\" data-id=\"3b03e926\" data-element_type=\"widget\" data-widget_type=\"image.default\">\n\t\t\t\t<div class=\"elementor-widget-container\">\n\t\t\t\t\t\t\t\t\t\t\t\t\t\t\t<img fetchpriority=\"high\" decoding=\"async\" width=\"635\" height=\"635\" src=\"https:\/\/mcriotourguide.com\/wp-content\/uploads\/2018\/11\/France-Antarctique-1024x635-1.jpg\" class=\"attachment-full size-full wp-image-309\" alt=\"\" srcset=\"https:\/\/mcriotourguide.com\/wp-content\/uploads\/2018\/11\/France-Antarctique-1024x635-1.jpg 635w, https:\/\/mcriotourguide.com\/wp-content\/uploads\/2018\/11\/France-Antarctique-1024x635-1-300x300.jpg 300w, https:\/\/mcriotourguide.com\/wp-content\/uploads\/2018\/11\/France-Antarctique-1024x635-1-150x150.jpg 150w, https:\/\/mcriotourguide.com\/wp-content\/uploads\/2018\/11\/France-Antarctique-1024x635-1-200x200.jpg 200w, https:\/\/mcriotourguide.com\/wp-content\/uploads\/2018\/11\/France-Antarctique-1024x635-1-600x600.jpg 600w, https:\/\/mcriotourguide.com\/wp-content\/uploads\/2018\/11\/France-Antarctique-1024x635-1-100x100.jpg 100w\" sizes=\"(max-width: 635px) 100vw, 635px\" \/>\t\t\t\t\t\t\t\t\t\t\t\t\t\t\t<\/div>\n\t\t\t\t<\/div>\n\t\t\t\t<div class=\"elementor-element elementor-element-2cf2994 elementor-widget elementor-widget-text-editor\" data-id=\"2cf2994\" data-element_type=\"widget\" data-widget_type=\"text-editor.default\">\n\t\t\t\t<div class=\"elementor-widget-container\">\n\t\t\t\t\t\t\t\t\t<p>Durante a coloniza\u00e7\u00e3o do Brasil os olhos da Fran\u00e7a se voltaram o novo pa\u00eds que surgia e dirige suas aten\u00e7\u00f5es para a formosa e protegida Ba\u00eda de Guanabara. \u00a0A partir da primeira invas\u00e3o Francesa ao Rio de Janeiro foi criada a Fran\u00e7a\u00a0Antarctica.\u00a0 Ap\u00f3s essa ocupa\u00e7\u00e3o estrangeira os Portugueses finalmente fundaram a Cidade de S\u00e3o Sebasti\u00e3o do Rio de Janeiro.<\/p>\t\t\t\t\t\t\t\t<\/div>\n\t\t\t\t<\/div>\n\t\t\t\t\t<\/div>\n\t\t<\/div>\n\t\t\t\t<div class=\"aux-parallax-section elementor-column elementor-col-33 elementor-top-column elementor-element elementor-element-4dd53b66\" data-id=\"4dd53b66\" data-element_type=\"column\">\n\t\t\t<div class=\"elementor-widget-wrap elementor-element-populated\">\n\t\t\t\t\t\t<div class=\"elementor-element elementor-element-6d7cd6f3 elementor-widget elementor-widget-text-editor\" data-id=\"6d7cd6f3\" data-element_type=\"widget\" data-widget_type=\"text-editor.default\">\n\t\t\t\t<div class=\"elementor-widget-container\">\n\t\t\t\t\t\t\t\t\t<p>Esse passeio nos levar\u00e1 a navegar pelas \u00e1guas da Ba\u00eda de Guanabara e vislumbrar os locais de fatos hist\u00f3ricos que foram importantes para\u00a0\u00a0nascimento da hoje conhecida Cidade Maravilhosa.<\/p>\t\t\t\t\t\t\t\t<\/div>\n\t\t\t\t<\/div>\n\t\t\t\t<div class=\"elementor-element elementor-element-69d3183e elementor-widget elementor-widget-image\" data-id=\"69d3183e\" data-element_type=\"widget\" data-widget_type=\"image.default\">\n\t\t\t\t<div class=\"elementor-widget-container\">\n\t\t\t\t\t\t\t\t\t\t\t\t\t\t\t<img decoding=\"async\" width=\"1200\" height=\"960\" src=\"https:\/\/mcriotourguide.com\/wp-content\/uploads\/2024\/03\/scenery-rock-formation-ocean-shore-rio-de-janeiro-web.jpg\" class=\"attachment-full size-full wp-image-879\" alt=\"\" srcset=\"https:\/\/mcriotourguide.com\/wp-content\/uploads\/2024\/03\/scenery-rock-formation-ocean-shore-rio-de-janeiro-web.jpg 1200w, https:\/\/mcriotourguide.com\/wp-content\/uploads\/2024\/03\/scenery-rock-formation-ocean-shore-rio-de-janeiro-web-200x160.jpg 200w, https:\/\/mcriotourguide.com\/wp-content\/uploads\/2024\/03\/scenery-rock-formation-ocean-shore-rio-de-janeiro-web-600x480.jpg 600w\" sizes=\"(max-width: 1200px) 100vw, 1200px\" \/>\t\t\t\t\t\t\t\t\t\t\t\t\t\t\t<\/div>\n\t\t\t\t<\/div>\n\t\t\t\t\t<\/div>\n\t\t<\/div>\n\t\t\t\t\t<\/div>\n\t\t<\/section>\n\t\t\t\t<section class=\"elementor-section elementor-top-section elementor-element elementor-element-240eb056 elementor-section-boxed elementor-section-height-default elementor-section-height-default\" data-id=\"240eb056\" data-element_type=\"section\">\n\t\t\t\t\t\t<div class=\"elementor-container elementor-column-gap-default\">\n\t\t\t\t\t<div class=\"aux-parallax-section elementor-column elementor-col-100 elementor-top-column elementor-element elementor-element-d9b6290\" data-id=\"d9b6290\" data-element_type=\"column\">\n\t\t\t<div class=\"elementor-widget-wrap elementor-element-populated\">\n\t\t\t\t\t\t<div class=\"elementor-element elementor-element-24c2285c elementor-widget elementor-widget-gallery\" data-id=\"24c2285c\" data-element_type=\"widget\" data-settings=\"{&quot;gallery_layout&quot;:&quot;justified&quot;,&quot;lazyload&quot;:&quot;yes&quot;,&quot;ideal_row_height&quot;:{&quot;unit&quot;:&quot;px&quot;,&quot;size&quot;:200,&quot;sizes&quot;:[]},&quot;ideal_row_height_tablet&quot;:{&quot;unit&quot;:&quot;px&quot;,&quot;size&quot;:150,&quot;sizes&quot;:[]},&quot;ideal_row_height_mobile&quot;:{&quot;unit&quot;:&quot;px&quot;,&quot;size&quot;:150,&quot;sizes&quot;:[]},&quot;gap&quot;:{&quot;unit&quot;:&quot;px&quot;,&quot;size&quot;:10,&quot;sizes&quot;:[]},&quot;gap_tablet&quot;:{&quot;unit&quot;:&quot;px&quot;,&quot;size&quot;:10,&quot;sizes&quot;:[]},&quot;gap_mobile&quot;:{&quot;unit&quot;:&quot;px&quot;,&quot;size&quot;:10,&quot;sizes&quot;:[]},&quot;link_to&quot;:&quot;file&quot;,&quot;overlay_background&quot;:&quot;yes&quot;,&quot;content_hover_animation&quot;:&quot;fade-in&quot;}\" data-widget_type=\"gallery.default\">\n\t\t\t\t<div class=\"elementor-widget-container\">\n\t\t\t\t\t\t\t<div class=\"elementor-gallery__container\">\n\t\t\t\t\t\t\t<a class=\"e-gallery-item elementor-gallery-item elementor-animated-content\" href=\"https:\/\/mcriotourguide.com\/wp-content\/uploads\/2024\/03\/hq720.jpg\" data-elementor-open-lightbox=\"yes\" data-elementor-lightbox-slideshow=\"24c2285c\" data-elementor-lightbox-title=\"hq720\" data-e-action-hash=\"#elementor-action%3Aaction%3Dlightbox%26settings%3DeyJpZCI6MTEyMywidXJsIjoiaHR0cHM6XC9cL21jcmlvdG91cmd1aWRlLmNvbVwvd3AtY29udGVudFwvdXBsb2Fkc1wvMjAyNFwvMDNcL2hxNzIwLmpwZyIsInNsaWRlc2hvdyI6IjI0YzIyODVjIn0%3D\">\n\t\t\t\t\t<div class=\"e-gallery-image elementor-gallery-item__image\" data-thumbnail=\"https:\/\/mcriotourguide.com\/wp-content\/uploads\/2024\/03\/hq720-300x300.jpg\" data-width=\"300\" data-height=\"300\" aria-label=\"\" role=\"img\" ><\/div>\n\t\t\t\t\t\t\t\t\t\t\t<div class=\"elementor-gallery-item__overlay\"><\/div>\n\t\t\t\t\t\t\t\t\t\t\t\t\t\t<\/a>\n\t\t\t\t\t\t\t<a class=\"e-gallery-item elementor-gallery-item elementor-animated-content\" href=\"https:\/\/mcriotourguide.com\/wp-content\/uploads\/2024\/03\/Baia-de-Guanabara.jpg\" data-elementor-open-lightbox=\"yes\" data-elementor-lightbox-slideshow=\"24c2285c\" data-elementor-lightbox-title=\"Baia-de-Guanabara\" data-e-action-hash=\"#elementor-action%3Aaction%3Dlightbox%26settings%3DeyJpZCI6MTExOSwidXJsIjoiaHR0cHM6XC9cL21jcmlvdG91cmd1aWRlLmNvbVwvd3AtY29udGVudFwvdXBsb2Fkc1wvMjAyNFwvMDNcL0JhaWEtZGUtR3VhbmFiYXJhLmpwZyIsInNsaWRlc2hvdyI6IjI0YzIyODVjIn0%3D\">\n\t\t\t\t\t<div class=\"e-gallery-image elementor-gallery-item__image\" data-thumbnail=\"https:\/\/mcriotourguide.com\/wp-content\/uploads\/2024\/03\/Baia-de-Guanabara-300x300.jpg\" data-width=\"300\" data-height=\"300\" aria-label=\"\" role=\"img\" ><\/div>\n\t\t\t\t\t\t\t\t\t\t\t<div class=\"elementor-gallery-item__overlay\"><\/div>\n\t\t\t\t\t\t\t\t\t\t\t\t\t\t<\/a>\n\t\t\t\t\t\t\t<a class=\"e-gallery-item elementor-gallery-item elementor-animated-content\" href=\"https:\/\/mcriotourguide.com\/wp-content\/uploads\/2024\/03\/capa-a-saveiros_upscaled_image_1200px-1.jpg\" data-elementor-open-lightbox=\"yes\" data-elementor-lightbox-slideshow=\"24c2285c\" data-elementor-lightbox-title=\"capa-a-saveiros_upscaled_image_1200px\" data-e-action-hash=\"#elementor-action%3Aaction%3Dlightbox%26settings%3DeyJpZCI6MTExNSwidXJsIjoiaHR0cHM6XC9cL21jcmlvdG91cmd1aWRlLmNvbVwvd3AtY29udGVudFwvdXBsb2Fkc1wvMjAyNFwvMDNcL2NhcGEtYS1zYXZlaXJvc191cHNjYWxlZF9pbWFnZV8xMjAwcHgtMS5qcGciLCJzbGlkZXNob3ciOiIyNGMyMjg1YyJ9\">\n\t\t\t\t\t<div class=\"e-gallery-image elementor-gallery-item__image\" data-thumbnail=\"https:\/\/mcriotourguide.com\/wp-content\/uploads\/2024\/03\/capa-a-saveiros_upscaled_image_1200px-1-300x300.jpg\" data-width=\"300\" data-height=\"300\" aria-label=\"\" role=\"img\" ><\/div>\n\t\t\t\t\t\t\t\t\t\t\t<div class=\"elementor-gallery-item__overlay\"><\/div>\n\t\t\t\t\t\t\t\t\t\t\t\t\t\t<\/a>\n\t\t\t\t\t\t\t<a class=\"e-gallery-item elementor-gallery-item elementor-animated-content\" href=\"https:\/\/mcriotourguide.com\/wp-content\/uploads\/2024\/03\/vista-aerea-da-baia-de-guanabara-com-detalhe-de-urca-e-santos-dumo-700-82726244.jpg\" data-elementor-open-lightbox=\"yes\" data-elementor-lightbox-slideshow=\"24c2285c\" data-elementor-lightbox-title=\"vista-aerea-da-baia-de-guanabara-com-detalhe-de-urca-e-santos-dumo-700-82726244\" data-e-action-hash=\"#elementor-action%3Aaction%3Dlightbox%26settings%3DeyJpZCI6MTExMSwidXJsIjoiaHR0cHM6XC9cL21jcmlvdG91cmd1aWRlLmNvbVwvd3AtY29udGVudFwvdXBsb2Fkc1wvMjAyNFwvMDNcL3Zpc3RhLWFlcmVhLWRhLWJhaWEtZGUtZ3VhbmFiYXJhLWNvbS1kZXRhbGhlLWRlLXVyY2EtZS1zYW50b3MtZHVtby03MDAtODI3MjYyNDQuanBnIiwic2xpZGVzaG93IjoiMjRjMjI4NWMifQ%3D%3D\">\n\t\t\t\t\t<div class=\"e-gallery-image elementor-gallery-item__image\" data-thumbnail=\"https:\/\/mcriotourguide.com\/wp-content\/uploads\/2024\/03\/vista-aerea-da-baia-de-guanabara-com-detalhe-de-urca-e-santos-dumo-700-82726244-300x300.jpg\" data-width=\"300\" data-height=\"300\" aria-label=\"\" role=\"img\" ><\/div>\n\t\t\t\t\t\t\t\t\t\t\t<div class=\"elementor-gallery-item__overlay\"><\/div>\n\t\t\t\t\t\t\t\t\t\t\t\t\t\t<\/a>\n\t\t\t\t\t\t\t<a class=\"e-gallery-item elementor-gallery-item elementor-animated-content\" href=\"https:\/\/mcriotourguide.com\/wp-content\/uploads\/2024\/03\/fortes_do_brasil_forte_tamandare_da_laje_01_credito_divulgacao_tv_brasil.jpg\" data-elementor-open-lightbox=\"yes\" data-elementor-lightbox-slideshow=\"24c2285c\" data-elementor-lightbox-title=\"fortes_do_brasil_forte_tamandare_da_laje_01_credito_divulgacao_tv_brasil\" data-e-action-hash=\"#elementor-action%3Aaction%3Dlightbox%26settings%3DeyJpZCI6MTEwMywidXJsIjoiaHR0cHM6XC9cL21jcmlvdG91cmd1aWRlLmNvbVwvd3AtY29udGVudFwvdXBsb2Fkc1wvMjAyNFwvMDNcL2ZvcnRlc19kb19icmFzaWxfZm9ydGVfdGFtYW5kYXJlX2RhX2xhamVfMDFfY3JlZGl0b19kaXZ1bGdhY2FvX3R2X2JyYXNpbC5qcGciLCJzbGlkZXNob3ciOiIyNGMyMjg1YyJ9\">\n\t\t\t\t\t<div class=\"e-gallery-image elementor-gallery-item__image\" data-thumbnail=\"https:\/\/mcriotourguide.com\/wp-content\/uploads\/2024\/03\/fortes_do_brasil_forte_tamandare_da_laje_01_credito_divulgacao_tv_brasil-300x300.jpg\" data-width=\"300\" data-height=\"300\" aria-label=\"\" role=\"img\" ><\/div>\n\t\t\t\t\t\t\t\t\t\t\t<div class=\"elementor-gallery-item__overlay\"><\/div>\n\t\t\t\t\t\t\t\t\t\t\t\t\t\t<\/a>\n\t\t\t\t\t<\/div>\n\t\t\t\t\t<\/div>\n\t\t\t\t<\/div>\n\t\t\t\t\t<\/div>\n\t\t<\/div>\n\t\t\t\t\t<\/div>\n\t\t<\/section>\n\t\t\t\t<section class=\"elementor-section elementor-top-section elementor-element elementor-element-7886ece8 elementor-section-content-middle elementor-section-boxed elementor-section-height-default elementor-section-height-default\" data-id=\"7886ece8\" data-element_type=\"section\">\n\t\t\t\t\t\t<div class=\"elementor-container elementor-column-gap-no\">\n\t\t\t\t\t<div class=\"aux-parallax-section elementor-column elementor-col-100 elementor-top-column elementor-element elementor-element-795d3a79\" data-id=\"795d3a79\" data-element_type=\"column\">\n\t\t\t<div class=\"elementor-widget-wrap elementor-element-populated\">\n\t\t\t\t\t\t<div class=\"elementor-element elementor-element-e9ce0c elementor-widget elementor-widget-heading\" data-id=\"e9ce0c\" data-element_type=\"widget\" data-widget_type=\"heading.default\">\n\t\t\t\t<div class=\"elementor-widget-container\">\n\t\t\t\t\t<h4 class=\"elementor-heading-title elementor-size-default\">Bairro do Flamengo, Passeio de barco com 2 horas de dura\u00e7\u00e3o pela da Ba\u00eda de Guanabara, Bairro da Urca.<\/h4>\t\t\t\t<\/div>\n\t\t\t\t<\/div>\n\t\t\t\t<div class=\"elementor-element elementor-element-5cdf7c5f elementor-widget elementor-widget-text-editor\" data-id=\"5cdf7c5f\" data-element_type=\"widget\" data-widget_type=\"text-editor.default\">\n\t\t\t\t<div class=\"elementor-widget-container\">\n\t\t\t\t\t\t\t\t\t<div dir=\"ltr\"><p>Valores a partir de U$ 120.00 com 4 horas de dura\u00e7\u00e3o.\u00a0 Inclu\u00ed Guia de Turismo, transporte passeio de barco.<\/p><\/div><p><strong>Grupos acima de 4 passageiros sob consulta.<\/strong><\/p>\t\t\t\t\t\t\t\t<\/div>\n\t\t\t\t<\/div>\n\t\t\t\t<div class=\"elementor-element elementor-element-1ab68682 elementor-align-center elementor-widget elementor-widget-button\" data-id=\"1ab68682\" data-element_type=\"widget\" data-widget_type=\"button.default\">\n\t\t\t\t<div class=\"elementor-widget-container\">\n\t\t\t\t\t\t\t\t\t<div class=\"elementor-button-wrapper\">\n\t\t\t\t\t<a class=\"elementor-button elementor-button-link elementor-size-sm elementor-animation-grow\" href=\"https:\/\/mcriotourguide.com\/pt-br\/contato\/\">\n\t\t\t\t\t\t<span class=\"elementor-button-content-wrapper\">\n\t\t\t\t\t\t\t\t\t<span class=\"elementor-button-text\">Solicitar Or\u00e7amento<\/span>\n\t\t\t\t\t<\/span>\n\t\t\t\t\t<\/a>\n\t\t\t\t<\/div>\n\t\t\t\t\t\t\t\t<\/div>\n\t\t\t\t<\/div>\n\t\t\t\t\t<\/div>\n\t\t<\/div>\n\t\t\t\t\t<\/div>\n\t\t<\/section>\n\t\t\t\t<\/div>\n\t\t","protected":false},"excerpt":{"rendered":"<p>TOUR : A FRAN\u00c7A ANTARCTICA E A FUNDA\u00c7\u00c3O DA CIDADE DO RIO DE JANEIRO Durante a coloniza\u00e7\u00e3o do Brasil os olhos da Fran\u00e7a se voltaram o novo pa\u00eds que surgia e dirige suas aten\u00e7\u00f5es para a formosa e protegida Ba\u00eda de Guanabara. \u00a0A partir da primeira invas\u00e3o Francesa ao Rio de Janeiro foi criada a [&hellip;]<\/p>\n","protected":false},"author":1,"featured_media":0,"parent":0,"menu_order":0,"comment_status":"closed","ping_status":"closed","template":"","meta":{"footnotes":""},"class_list":["post-1444","page","type-page","status-publish","hentry"],"_links":{"self":[{"href":"https:\/\/mcriotourguide.com\/pt-br\/wp-json\/wp\/v2\/pages\/1444","targetHints":{"allow":["GET"]}}],"collection":[{"href":"https:\/\/mcriotourguide.com\/pt-br\/wp-json\/wp\/v2\/pages"}],"about":[{"href":"https:\/\/mcriotourguide.com\/pt-br\/wp-json\/wp\/v2\/types\/page"}],"author":[{"embeddable":true,"href":"https:\/\/mcriotourguide.com\/pt-br\/wp-json\/wp\/v2\/users\/1"}],"replies":[{"embeddable":true,"href":"https:\/\/mcriotourguide.com\/pt-br\/wp-json\/wp\/v2\/comments?post=1444"}],"version-history":[{"count":20,"href":"https:\/\/mcriotourguide.com\/pt-br\/wp-json\/wp\/v2\/pages\/1444\/revisions"}],"predecessor-version":[{"id":2420,"href":"https:\/\/mcriotourguide.com\/pt-br\/wp-json\/wp\/v2\/pages\/1444\/revisions\/2420"}],"wp:attachment":[{"href":"https:\/\/mcriotourguide.com\/pt-br\/wp-json\/wp\/v2\/media?parent=1444"}],"curies":[{"name":"wp","href":"https:\/\/api.w.org\/{rel}","templated":true}]}}