{"id":2178,"date":"2024-04-25T09:35:54","date_gmt":"2024-04-25T12:35:54","guid":{"rendered":"https:\/\/mcriotourguide.com\/the-state-of-rio\/"},"modified":"2024-05-07T09:13:15","modified_gmt":"2024-05-07T12:13:15","slug":"the-state-of-rio","status":"publish","type":"page","link":"https:\/\/mcriotourguide.com\/fr\/the-state-of-rio\/","title":{"rendered":"Autour de l&rsquo;\u00c9tat de Rio de Janeiro"},"content":{"rendered":"\t\t<div data-elementor-type=\"wp-page\" data-elementor-id=\"2178\" class=\"elementor elementor-2178\" data-elementor-post-type=\"page\">\n\t\t\t\t\t\t<section class=\"elementor-section elementor-top-section elementor-element elementor-element-28de8941 elementor-section-content-middle elementor-section-boxed elementor-section-height-default elementor-section-height-default\" data-id=\"28de8941\" data-element_type=\"section\" data-e-type=\"section\">\n\t\t\t\t\t\t<div class=\"elementor-container elementor-column-gap-no\">\n\t\t\t\t\t<div class=\"aux-parallax-section elementor-column elementor-col-50 elementor-top-column elementor-element elementor-element-2f3597a9\" data-id=\"2f3597a9\" data-element_type=\"column\" data-e-type=\"column\">\n\t\t\t<div class=\"elementor-widget-wrap elementor-element-populated\">\n\t\t\t\t\t\t<div class=\"elementor-element elementor-element-6c8aec03 elementor-widget-divider--view-line elementor-widget elementor-widget-divider\" data-id=\"6c8aec03\" data-element_type=\"widget\" data-e-type=\"widget\" data-widget_type=\"divider.default\">\n\t\t\t\t<div class=\"elementor-widget-container\">\n\t\t\t\t\t\t\t<div class=\"elementor-divider\">\n\t\t\t<span class=\"elementor-divider-separator\">\n\t\t\t\t\t\t<\/span>\n\t\t<\/div>\n\t\t\t\t\t\t<\/div>\n\t\t\t\t<\/div>\n\t\t\t\t<div class=\"elementor-element elementor-element-5c74795f elementor-widget elementor-widget-heading\" data-id=\"5c74795f\" data-element_type=\"widget\" data-e-type=\"widget\" data-widget_type=\"heading.default\">\n\t\t\t\t<div class=\"elementor-widget-container\">\n\t\t\t\t\t<h4 class=\"elementor-heading-title elementor-size-default\">LA C\u00d4TE DU SOLEIL<\/h4>\t\t\t\t<\/div>\n\t\t\t\t<\/div>\n\t\t\t\t<div class=\"elementor-element elementor-element-4c517d9 elementor-widget elementor-widget-aux_touch_slider\" data-id=\"4c517d9\" data-element_type=\"widget\" data-e-type=\"widget\" data-widget_type=\"aux_touch_slider.default\">\n\t\t\t\t<div class=\"elementor-widget-container\">\n\t\t\t\t\t<section class=\"widget-container aux-widget-touch-slider aux-widget-post-slider aux-parent-auf908da28\"><div class=\"master-carousel-slider aux-latest-posts-slider aux-no-js aux-light-skin\" data-empty-height=\"560\" data-navigation=\"peritem\" data-space=\"0\" data-auto-height=\"true\" data-delay=\"2\" data-loop=\"yes\" data-autoplay=\"1\">        <div class=\"aux-mc-item\" >\n                <div class=\"aux-slide-media\">\n                    <div class=\"aux-media-frame aux-media-image\"><img fetchpriority=\"high\" decoding=\"async\" width=\"960\" height=\"560\" src=\"https:\/\/mcriotourguide.com\/wp-content\/uploads\/2024\/05\/saquarema-rj-960x560.webp\" class=\"auxin-attachment attachment-960x560\" alt=\"saquarema-rj\" \/><\/div>\n                <\/div>\n                    <\/div>\n\n        <div class=\"aux-mc-item\" >\n                <div class=\"aux-slide-media\">\n                    <div class=\"aux-media-frame aux-media-image\"><img decoding=\"async\" width=\"960\" height=\"560\" src=\"https:\/\/mcriotourguide.com\/wp-content\/uploads\/2024\/05\/07.png\" class=\"auxin-attachment attachment-960x560\" alt=\"07\" \/><\/div>\n                <\/div>\n                    <\/div>\n\n        <div class=\"aux-mc-item\" >\n                <div class=\"aux-slide-media\">\n                    <div class=\"aux-media-frame aux-media-image\"><img decoding=\"async\" width=\"960\" height=\"560\" src=\"https:\/\/mcriotourguide.com\/wp-content\/uploads\/2024\/05\/Praia-Azedinha-1024x767-1-960x560.jpg\" class=\"auxin-attachment attachment-960x560\" alt=\"Praia Azedinha em B\u00fazios - RJ - Brasil\" \/><\/div>\n                <\/div>\n                    <\/div>\n\n        <div class=\"aux-mc-item\" >\n                <div class=\"aux-slide-media\">\n                    <div class=\"aux-media-frame aux-media-image\"><img loading=\"lazy\" decoding=\"async\" width=\"960\" height=\"560\" src=\"https:\/\/mcriotourguide.com\/wp-content\/uploads\/2024\/05\/264640-Buzios-And-Vicinity-960x560.webp\" class=\"auxin-attachment attachment-960x560\" alt=\"264640-Buzios-And-Vicinity\" \/><\/div>\n                <\/div>\n                    <\/div>\n\n        <div class=\"aux-mc-item\" >\n                <div class=\"aux-slide-media\">\n                    <div class=\"aux-media-frame aux-media-image\"><img loading=\"lazy\" decoding=\"async\" width=\"960\" height=\"560\" src=\"https:\/\/mcriotourguide.com\/wp-content\/uploads\/2024\/05\/mergulho-em-arraial-do-cabo-barato-1024x576-1-960x560.jpg\" class=\"auxin-attachment attachment-960x560\" alt=\"mergulho-em-arraial-do-cabo-barato-1024x576\" \/><\/div>\n                <\/div>\n                    <\/div>\n\n        <div class=\"aux-mc-item\" >\n                <div class=\"aux-slide-media\">\n                    <div class=\"aux-media-frame aux-media-image\"><img loading=\"lazy\" decoding=\"async\" width=\"960\" height=\"560\" src=\"https:\/\/mcriotourguide.com\/wp-content\/uploads\/2024\/05\/praia-do-pontal-960x560.jpg\" class=\"auxin-attachment attachment-960x560\" alt=\"praia-do-pontal\" \/><\/div>\n                <\/div>\n                    <\/div>\n\n        <div class=\"aux-next-arrow aux-arrow-nav aux-white aux-round aux-hover-slide\">\n            <span class=\"aux-overlay\"><\/span>\n            <span class=\"aux-svg-arrow aux-medium-right\"><\/span>\n            <span class=\"aux-hover-arrow aux-svg-arrow aux-medium-right\"><\/span>\n        <\/div>\n        <div class=\"aux-prev-arrow aux-arrow-nav aux-white aux-round aux-hover-slide\">\n            <span class=\"aux-overlay\"><\/span>\n            <span class=\"aux-svg-arrow aux-medium-left\"><\/span>\n            <span class=\"aux-hover-arrow aux-svg-arrow aux-medium-left\"><\/span>\n        <\/div>\n<\/div><!-- aux-col-wrapper --><\/section><!-- widget-container -->\t\t\t\t<\/div>\n\t\t\t\t<\/div>\n\t\t\t\t\t<\/div>\n\t\t<\/div>\n\t\t\t\t<div class=\"aux-parallax-section elementor-column elementor-col-50 elementor-top-column elementor-element elementor-element-2692b60c\" data-id=\"2692b60c\" data-element_type=\"column\" data-e-type=\"column\">\n\t\t\t<div class=\"elementor-widget-wrap elementor-element-populated\">\n\t\t\t\t\t\t<div class=\"elementor-element elementor-element-c00515c elementor-widget elementor-widget-heading\" data-id=\"c00515c\" data-element_type=\"widget\" data-e-type=\"widget\" data-widget_type=\"heading.default\">\n\t\t\t\t<div class=\"elementor-widget-container\">\n\t\t\t\t\t<h2 class=\"elementor-heading-title elementor-size-default\">B\u00daZIOS, ARRAIAL DO CABO ET SAQUAREMA<\/h2>\t\t\t\t<\/div>\n\t\t\t\t<\/div>\n\t\t\t\t<div class=\"elementor-element elementor-element-5a0a0376 elementor-widget elementor-widget-text-editor\" data-id=\"5a0a0376\" data-element_type=\"widget\" data-e-type=\"widget\" data-widget_type=\"text-editor.default\">\n\t\t\t\t<div class=\"elementor-widget-container\">\n\t\t\t\t\t\t\t\t\t<p>La c\u00f4te nord de Rio de Janeiro est une destination pour les amoureux du soleil, de la mer et des sports extr\u00eames.<\/p><p>Depuis les ann\u00e9es 1950, apr\u00e8s la visite de Brigite Bardot, le petit village de p\u00eacheurs d&rsquo;Arma\u00e7\u00e3o dos B\u00fazios n&rsquo;a plus jamais \u00e9t\u00e9 le m\u00eame. De belles plages encadr\u00e9es par une nature sauvage, sous le soleil d&rsquo;\u00e9t\u00e9 pratiquement toute l&rsquo;ann\u00e9e, accompagn\u00e9es d&rsquo;une cuisine \u00e0 base de fruits de mer, B\u00fazios est l&rsquo;option pour quelques jours de d\u00e9tente au bord de la mer, ou pour explorer la g\u00e9ographie de la r\u00e9gion, que ce soit par voie maritime ou terrestre. , \u00e0 la d\u00e9couverte de ses plages.<\/p><p>A quelques kilom\u00e8tres de B\u00fazios se trouve Arraial do Cabo. Plonger dans ses eaux transparentes et riches en vie marine est l&rsquo;une des principales attractions de cette partie du littoral de Rio de Janeiro.<\/p><p>Pour les amateurs de sports plus extr\u00eames, il y a Saquarema. Le temple br\u00e9silien du surf, aux eaux claires et aux vagues abondantes, propose \u00e9galement du kitesurf, du cano\u00eb hawa\u00efen et de la randonn\u00e9e, entre autres activit\u00e9s de plein air.<\/p>\t\t\t\t\t\t\t\t<\/div>\n\t\t\t\t<\/div>\n\t\t\t\t<div class=\"elementor-element elementor-element-53a12bf elementor-widget elementor-widget-button\" data-id=\"53a12bf\" data-element_type=\"widget\" data-e-type=\"widget\" data-widget_type=\"button.default\">\n\t\t\t\t<div class=\"elementor-widget-container\">\n\t\t\t\t\t\t\t\t\t<div class=\"elementor-button-wrapper\">\n\t\t\t\t\t<a class=\"elementor-button elementor-button-link elementor-size-sm\" href=\"https:\/\/mcriotourguide.com\/contact-us\/\">\n\t\t\t\t\t\t<span class=\"elementor-button-content-wrapper\">\n\t\t\t\t\t\t\t\t\t<span class=\"elementor-button-text\">Contactez-moi et laissez-moi vous aider \u00e0 pr\u00e9parer le meilleur itin\u00e9raire pour la r\u00e9gion.<\/span>\n\t\t\t\t\t<\/span>\n\t\t\t\t\t<\/a>\n\t\t\t\t<\/div>\n\t\t\t\t\t\t\t\t<\/div>\n\t\t\t\t<\/div>\n\t\t\t\t\t<\/div>\n\t\t<\/div>\n\t\t\t\t\t<\/div>\n\t\t<\/section>\n\t\t\t\t<section class=\"elementor-section elementor-top-section elementor-element elementor-element-f410b6c elementor-section-boxed elementor-section-height-default elementor-section-height-default\" data-id=\"f410b6c\" data-element_type=\"section\" data-e-type=\"section\">\n\t\t\t\t\t\t<div class=\"elementor-container elementor-column-gap-default\">\n\t\t\t\t\t<div class=\"aux-parallax-section elementor-column elementor-col-100 elementor-top-column elementor-element elementor-element-735ae27\" data-id=\"735ae27\" data-element_type=\"column\" data-e-type=\"column\">\n\t\t\t<div class=\"elementor-widget-wrap elementor-element-populated\">\n\t\t\t\t\t\t<div class=\"elementor-element elementor-element-c1272b6 elementor-widget-divider--view-line elementor-widget elementor-widget-divider\" data-id=\"c1272b6\" data-element_type=\"widget\" data-e-type=\"widget\" data-widget_type=\"divider.default\">\n\t\t\t\t<div class=\"elementor-widget-container\">\n\t\t\t\t\t\t\t<div class=\"elementor-divider\">\n\t\t\t<span class=\"elementor-divider-separator\">\n\t\t\t\t\t\t<\/span>\n\t\t<\/div>\n\t\t\t\t\t\t<\/div>\n\t\t\t\t<\/div>\n\t\t\t\t\t<\/div>\n\t\t<\/div>\n\t\t\t\t\t<\/div>\n\t\t<\/section>\n\t\t\t\t<section class=\"elementor-section elementor-top-section elementor-element elementor-element-8afee52 elementor-section-content-middle elementor-section-boxed elementor-section-height-default elementor-section-height-default\" data-id=\"8afee52\" data-element_type=\"section\" data-e-type=\"section\">\n\t\t\t\t\t\t<div class=\"elementor-container elementor-column-gap-no\">\n\t\t\t\t\t<div class=\"aux-parallax-section elementor-column elementor-col-50 elementor-top-column elementor-element elementor-element-76d308a\" data-id=\"76d308a\" data-element_type=\"column\" data-e-type=\"column\">\n\t\t\t<div class=\"elementor-widget-wrap elementor-element-populated\">\n\t\t\t\t\t\t<div class=\"elementor-element elementor-element-f2a3dc1 elementor-widget-divider--view-line elementor-widget elementor-widget-divider\" data-id=\"f2a3dc1\" data-element_type=\"widget\" data-e-type=\"widget\" data-widget_type=\"divider.default\">\n\t\t\t\t<div class=\"elementor-widget-container\">\n\t\t\t\t\t\t\t<div class=\"elementor-divider\">\n\t\t\t<span class=\"elementor-divider-separator\">\n\t\t\t\t\t\t<\/span>\n\t\t<\/div>\n\t\t\t\t\t\t<\/div>\n\t\t\t\t<\/div>\n\t\t\t\t<div class=\"elementor-element elementor-element-38b1237 elementor-widget elementor-widget-heading\" data-id=\"38b1237\" data-element_type=\"widget\" data-e-type=\"widget\" data-widget_type=\"heading.default\">\n\t\t\t\t<div class=\"elementor-widget-container\">\n\t\t\t\t\t<h4 class=\"elementor-heading-title elementor-size-default\">LA C\u00d4TE VERTE<\/h4>\t\t\t\t<\/div>\n\t\t\t\t<\/div>\n\t\t\t\t<div class=\"elementor-element elementor-element-9ce25ca elementor-widget elementor-widget-aux_touch_slider\" data-id=\"9ce25ca\" data-element_type=\"widget\" data-e-type=\"widget\" data-widget_type=\"aux_touch_slider.default\">\n\t\t\t\t<div class=\"elementor-widget-container\">\n\t\t\t\t\t<section class=\"widget-container aux-widget-touch-slider aux-widget-post-slider aux-parent-au7af0ab50\"><div class=\"master-carousel-slider aux-latest-posts-slider aux-no-js aux-light-skin\" data-empty-height=\"560\" data-navigation=\"peritem\" data-space=\"0\" data-auto-height=\"true\" data-delay=\"2\" data-loop=\"yes\" data-autoplay=\"1\">        <div class=\"aux-mc-item\" >\n                <div class=\"aux-slide-media\">\n                    <div class=\"aux-media-frame aux-media-image\"><img loading=\"lazy\" decoding=\"async\" width=\"960\" height=\"560\" src=\"https:\/\/mcriotourguide.com\/wp-content\/uploads\/2024\/05\/Angra-dos-Reis-960x560.webp\" class=\"auxin-attachment attachment-960x560\" alt=\"Angra-dos-Reis\" \/><\/div>\n                <\/div>\n                    <\/div>\n\n        <div class=\"aux-mc-item\" >\n                <div class=\"aux-slide-media\">\n                    <div class=\"aux-media-frame aux-media-image\"><img loading=\"lazy\" decoding=\"async\" width=\"960\" height=\"560\" src=\"https:\/\/mcriotourguide.com\/wp-content\/uploads\/2024\/05\/CAPA-foto-ilha-grande-_-marco-Yamin-2-960x560.jpg\" class=\"auxin-attachment attachment-960x560\" alt=\"????????????????????????????????????\" \/><\/div>\n                <\/div>\n                    <\/div>\n\n        <div class=\"aux-mc-item\" >\n                <div class=\"aux-slide-media\">\n                    <div class=\"aux-media-frame aux-media-image\"><img loading=\"lazy\" decoding=\"async\" width=\"960\" height=\"560\" src=\"https:\/\/mcriotourguide.com\/wp-content\/uploads\/2024\/05\/Captura-de-tela-2024-05-07-084515.png\" class=\"auxin-attachment attachment-960x560\" alt=\"Captura de tela 2024-05-07 084515\" \/><\/div>\n                <\/div>\n                    <\/div>\n\n        <div class=\"aux-mc-item\" >\n                <div class=\"aux-slide-media\">\n                    <div class=\"aux-media-frame aux-media-image\"><img loading=\"lazy\" decoding=\"async\" width=\"960\" height=\"560\" src=\"https:\/\/mcriotourguide.com\/wp-content\/uploads\/2024\/05\/Captura-de-tela-2024-05-07-084533.png\" class=\"auxin-attachment attachment-960x560\" alt=\"Captura de tela 2024-05-07 084533\" \/><\/div>\n                <\/div>\n                    <\/div>\n\n        <div class=\"aux-mc-item\" >\n                <div class=\"aux-slide-media\">\n                    <div class=\"aux-media-frame aux-media-image\"><img loading=\"lazy\" decoding=\"async\" width=\"960\" height=\"560\" src=\"https:\/\/mcriotourguide.com\/wp-content\/uploads\/2024\/05\/Captura-de-tela-2024-05-07-084613-960x560.png\" class=\"auxin-attachment attachment-960x560\" alt=\"Captura de tela 2024-05-07 084613\" \/><\/div>\n                <\/div>\n                    <\/div>\n\n        <div class=\"aux-mc-item\" >\n                <div class=\"aux-slide-media\">\n                    <div class=\"aux-media-frame aux-media-image\"><img loading=\"lazy\" decoding=\"async\" width=\"960\" height=\"560\" src=\"https:\/\/mcriotourguide.com\/wp-content\/uploads\/2024\/05\/Captura-de-tela-2024-05-07-084632.png\" class=\"auxin-attachment attachment-960x560\" alt=\"Captura de tela 2024-05-07 084632\" \/><\/div>\n                <\/div>\n                    <\/div>\n\n        <div class=\"aux-mc-item\" >\n                <div class=\"aux-slide-media\">\n                    <div class=\"aux-media-frame aux-media-image\"><img loading=\"lazy\" decoding=\"async\" width=\"960\" height=\"560\" src=\"https:\/\/mcriotourguide.com\/wp-content\/uploads\/2024\/05\/Captura-de-tela-2024-05-07-084650.png\" class=\"auxin-attachment attachment-960x560\" alt=\"Captura de tela 2024-05-07 084650\" \/><\/div>\n                <\/div>\n                    <\/div>\n\n        <div class=\"aux-mc-item\" >\n                <div class=\"aux-slide-media\">\n                    <div class=\"aux-media-frame aux-media-image\"><img loading=\"lazy\" decoding=\"async\" width=\"960\" height=\"560\" src=\"https:\/\/mcriotourguide.com\/wp-content\/uploads\/2024\/05\/Captura-de-tela-2024-05-07-084721.png\" class=\"auxin-attachment attachment-960x560\" alt=\"Captura de tela 2024-05-07 084721\" \/><\/div>\n                <\/div>\n                    <\/div>\n\n        <div class=\"aux-next-arrow aux-arrow-nav aux-white aux-round aux-hover-slide\">\n            <span class=\"aux-overlay\"><\/span>\n            <span class=\"aux-svg-arrow aux-medium-right\"><\/span>\n            <span class=\"aux-hover-arrow aux-svg-arrow aux-medium-right\"><\/span>\n        <\/div>\n        <div class=\"aux-prev-arrow aux-arrow-nav aux-white aux-round aux-hover-slide\">\n            <span class=\"aux-overlay\"><\/span>\n            <span class=\"aux-svg-arrow aux-medium-left\"><\/span>\n            <span class=\"aux-hover-arrow aux-svg-arrow aux-medium-left\"><\/span>\n        <\/div>\n<\/div><!-- aux-col-wrapper --><\/section><!-- widget-container -->\t\t\t\t<\/div>\n\t\t\t\t<\/div>\n\t\t\t\t\t<\/div>\n\t\t<\/div>\n\t\t\t\t<div class=\"aux-parallax-section elementor-column elementor-col-50 elementor-top-column elementor-element elementor-element-5d8fa3f\" data-id=\"5d8fa3f\" data-element_type=\"column\" data-e-type=\"column\">\n\t\t\t<div class=\"elementor-widget-wrap elementor-element-populated\">\n\t\t\t\t\t\t<div class=\"elementor-element elementor-element-5133530 elementor-widget elementor-widget-text-editor\" data-id=\"5133530\" data-element_type=\"widget\" data-e-type=\"widget\" data-widget_type=\"text-editor.default\">\n\t\t\t\t<div class=\"elementor-widget-container\">\n\t\t\t\t\t\t\t\t\t<p>Le sud de l&rsquo;\u00c9tat de Rio de Janeiro offre certaines des meilleures destinations du Br\u00e9sil pour ceux qui aiment la nature. Entour\u00e9 par la for\u00eat atlantique, l&rsquo;\u00e9cosyst\u00e8me local, form\u00e9 de montagnes, de c\u00f4tes et d&rsquo;une baie avec plus de 300 \u00eeles paradisiaques, en plus de la ville historique de Paraty. La baie d&rsquo;Angra dos Reis compte, parmi des centaines d&rsquo;\u00eeles, la charmante Ilha Grande. Un lieu d&rsquo;aventure depuis l&rsquo;\u00e9poque des pirates et de l&rsquo;exploration de l&rsquo;or, jusqu&rsquo;\u00e0 aujourd&rsquo;hui avec ses sentiers naturels et ses plages sauvages.<\/p>\t\t\t\t\t\t\t\t<\/div>\n\t\t\t\t<\/div>\n\t\t\t\t<div class=\"elementor-element elementor-element-c13a583 elementor-widget elementor-widget-button\" data-id=\"c13a583\" data-element_type=\"widget\" data-e-type=\"widget\" data-widget_type=\"button.default\">\n\t\t\t\t<div class=\"elementor-widget-container\">\n\t\t\t\t\t\t\t\t\t<div class=\"elementor-button-wrapper\">\n\t\t\t\t\t<a class=\"elementor-button elementor-button-link elementor-size-sm\" href=\"https:\/\/mcriotourguide.com\/contact-us\/\">\n\t\t\t\t\t\t<span class=\"elementor-button-content-wrapper\">\n\t\t\t\t\t\t\t\t\t<span class=\"elementor-button-text\">Renseignez-vous pour des itin\u00e9raires personnalis\u00e9s et des r\u00e9servations.<\/span>\n\t\t\t\t\t<\/span>\n\t\t\t\t\t<\/a>\n\t\t\t\t<\/div>\n\t\t\t\t\t\t\t\t<\/div>\n\t\t\t\t<\/div>\n\t\t\t\t\t<\/div>\n\t\t<\/div>\n\t\t\t\t\t<\/div>\n\t\t<\/section>\n\t\t\t\t<\/div>\n\t\t","protected":false},"excerpt":{"rendered":"<p>LA C\u00d4TE DU SOLEIL B\u00daZIOS, ARRAIAL DO CABO ET SAQUAREMA La c\u00f4te nord de Rio de Janeiro est une destination pour les amoureux du soleil, de la mer et des sports extr\u00eames. Depuis les ann\u00e9es 1950, apr\u00e8s la visite de Brigite Bardot, le petit village de p\u00eacheurs d&rsquo;Arma\u00e7\u00e3o dos B\u00fazios n&rsquo;a plus jamais \u00e9t\u00e9 le [&hellip;]<\/p>\n","protected":false},"author":1,"featured_media":0,"parent":0,"menu_order":0,"comment_status":"closed","ping_status":"closed","template":"","meta":{"footnotes":""},"class_list":["post-2178","page","type-page","status-publish","hentry"],"_links":{"self":[{"href":"https:\/\/mcriotourguide.com\/fr\/wp-json\/wp\/v2\/pages\/2178","targetHints":{"allow":["GET"]}}],"collection":[{"href":"https:\/\/mcriotourguide.com\/fr\/wp-json\/wp\/v2\/pages"}],"about":[{"href":"https:\/\/mcriotourguide.com\/fr\/wp-json\/wp\/v2\/types\/page"}],"author":[{"embeddable":true,"href":"https:\/\/mcriotourguide.com\/fr\/wp-json\/wp\/v2\/users\/1"}],"replies":[{"embeddable":true,"href":"https:\/\/mcriotourguide.com\/fr\/wp-json\/wp\/v2\/comments?post=2178"}],"version-history":[{"count":5,"href":"https:\/\/mcriotourguide.com\/fr\/wp-json\/wp\/v2\/pages\/2178\/revisions"}],"predecessor-version":[{"id":2191,"href":"https:\/\/mcriotourguide.com\/fr\/wp-json\/wp\/v2\/pages\/2178\/revisions\/2191"}],"wp:attachment":[{"href":"https:\/\/mcriotourguide.com\/fr\/wp-json\/wp\/v2\/media?parent=2178"}],"curies":[{"name":"wp","href":"https:\/\/api.w.org\/{rel}","templated":true}]}}