{"id":1422,"date":"2024-03-27T14:08:23","date_gmt":"2024-03-27T17:08:23","guid":{"rendered":"https:\/\/mcriotourguide.com\/rio-photographic-tour\/"},"modified":"2024-05-14T13:59:17","modified_gmt":"2024-05-14T16:59:17","slug":"rio-photographic-tour","status":"publish","type":"page","link":"https:\/\/mcriotourguide.com\/fr\/rio-photographic-tour\/","title":{"rendered":"RIO PHOTOGRAPHIC TOUR-FR"},"content":{"rendered":"\t\t<div data-elementor-type=\"wp-page\" data-elementor-id=\"1422\" class=\"elementor elementor-1422\" data-elementor-post-type=\"page\">\n\t\t\t\t\t\t<section class=\"elementor-section elementor-top-section elementor-element elementor-element-51d7403 elementor-section-content-middle elementor-section-boxed elementor-section-height-default elementor-section-height-default\" data-id=\"51d7403\" data-element_type=\"section\">\n\t\t\t\t\t\t<div class=\"elementor-container elementor-column-gap-no\">\n\t\t\t\t\t<div class=\"aux-parallax-section elementor-column elementor-col-33 elementor-top-column elementor-element elementor-element-77ccb67c\" data-id=\"77ccb67c\" data-element_type=\"column\">\n\t\t\t<div class=\"elementor-widget-wrap elementor-element-populated\">\n\t\t\t\t\t\t<div class=\"elementor-element elementor-element-26486b31 elementor-widget elementor-widget-heading\" data-id=\"26486b31\" data-element_type=\"widget\" data-widget_type=\"heading.default\">\n\t\t\t\t<div class=\"elementor-widget-container\">\n\t\t\t\t\t<h3 class=\"elementor-heading-title elementor-size-default\">VISITE PHOTOGRAPHIQUE DE RIO<\/h3>\t\t\t\t<\/div>\n\t\t\t\t<\/div>\n\t\t\t\t<div class=\"elementor-element elementor-element-4519e6f1 elementor-widget-divider--view-line elementor-widget elementor-widget-divider\" data-id=\"4519e6f1\" data-element_type=\"widget\" data-widget_type=\"divider.default\">\n\t\t\t\t<div class=\"elementor-widget-container\">\n\t\t\t\t\t\t\t<div class=\"elementor-divider\">\n\t\t\t<span class=\"elementor-divider-separator\">\n\t\t\t\t\t\t<\/span>\n\t\t<\/div>\n\t\t\t\t\t\t<\/div>\n\t\t\t\t<\/div>\n\t\t\t\t\t<\/div>\n\t\t<\/div>\n\t\t\t\t<div class=\"aux-parallax-section elementor-column elementor-col-33 elementor-top-column elementor-element elementor-element-15a8d4c3\" data-id=\"15a8d4c3\" data-element_type=\"column\">\n\t\t\t<div class=\"elementor-widget-wrap elementor-element-populated\">\n\t\t\t\t\t\t<div class=\"elementor-element elementor-element-3e2734e5 elementor-widget elementor-widget-image\" data-id=\"3e2734e5\" data-element_type=\"widget\" data-widget_type=\"image.default\">\n\t\t\t\t<div class=\"elementor-widget-container\">\n\t\t\t\t\t\t\t\t\t\t\t\t\t\t\t<img fetchpriority=\"high\" decoding=\"async\" width=\"2560\" height=\"1920\" src=\"https:\/\/mcriotourguide.com\/wp-content\/uploads\/2024\/05\/unnamed-1-scaled.jpg\" class=\"attachment-full size-full wp-image-2340\" alt=\"\" srcset=\"https:\/\/mcriotourguide.com\/wp-content\/uploads\/2024\/05\/unnamed-1-scaled.jpg 2560w, https:\/\/mcriotourguide.com\/wp-content\/uploads\/2024\/05\/unnamed-1-1536x1152.jpg 1536w, https:\/\/mcriotourguide.com\/wp-content\/uploads\/2024\/05\/unnamed-1-2048x1536.jpg 2048w, https:\/\/mcriotourguide.com\/wp-content\/uploads\/2024\/05\/unnamed-1-200x150.jpg 200w, https:\/\/mcriotourguide.com\/wp-content\/uploads\/2024\/05\/unnamed-1-600x450.jpg 600w\" sizes=\"(max-width: 2560px) 100vw, 2560px\" \/>\t\t\t\t\t\t\t\t\t\t\t\t\t\t\t<\/div>\n\t\t\t\t<\/div>\n\t\t\t\t<div class=\"elementor-element elementor-element-714b2179 elementor-widget elementor-widget-text-editor\" data-id=\"714b2179\" data-element_type=\"widget\" data-widget_type=\"text-editor.default\">\n\t\t\t\t<div class=\"elementor-widget-container\">\n\t\t\t\t\t\t\t\t\t<p>Rio de Janeiro offre aux amateurs de photographie des dizaines de lieux offrant des vues imprenables sur une g\u00e9ographie unique au monde. Des plages, la for\u00eat atlantique (la for\u00eat caract\u00e9ristique de la r\u00e9gion) et des collines, en plus de vues exub\u00e9rantes depuis les diff\u00e9rents points de vue r\u00e9partis \u00e0 travers le ville.<\/p>\t\t\t\t\t\t\t\t<\/div>\n\t\t\t\t<\/div>\n\t\t\t\t\t<\/div>\n\t\t<\/div>\n\t\t\t\t<div class=\"aux-parallax-section elementor-column elementor-col-33 elementor-top-column elementor-element elementor-element-634c5546\" data-id=\"634c5546\" data-element_type=\"column\">\n\t\t\t<div class=\"elementor-widget-wrap elementor-element-populated\">\n\t\t\t\t\t\t<div class=\"elementor-element elementor-element-21a27611 elementor-widget elementor-widget-text-editor\" data-id=\"21a27611\" data-element_type=\"widget\" data-widget_type=\"text-editor.default\">\n\t\t\t\t<div class=\"elementor-widget-container\">\n\t\t\t\t\t\t\t\t\t<p>Ce circuit est propos\u00e9 pour les voyageurs qui aiment et recherchent des images belles et inattendues \u00e0 travers le monde. Apportez votre mat\u00e9riel photographique et d\u00e9couvrons ensemble les beaut\u00e9s de Rio de Janeiro.<\/p>\t\t\t\t\t\t\t\t<\/div>\n\t\t\t\t<\/div>\n\t\t\t\t<div class=\"elementor-element elementor-element-15a3d24c elementor-widget elementor-widget-image\" data-id=\"15a3d24c\" data-element_type=\"widget\" data-widget_type=\"image.default\">\n\t\t\t\t<div class=\"elementor-widget-container\">\n\t\t\t\t\t\t\t\t\t\t\t\t\t\t\t<img decoding=\"async\" width=\"2560\" height=\"1920\" src=\"https:\/\/mcriotourguide.com\/wp-content\/uploads\/2024\/05\/unnamed-2-scaled.jpg\" class=\"attachment-full size-full wp-image-2332\" alt=\"\" srcset=\"https:\/\/mcriotourguide.com\/wp-content\/uploads\/2024\/05\/unnamed-2-scaled.jpg 2560w, https:\/\/mcriotourguide.com\/wp-content\/uploads\/2024\/05\/unnamed-2-1536x1152.jpg 1536w, https:\/\/mcriotourguide.com\/wp-content\/uploads\/2024\/05\/unnamed-2-2048x1536.jpg 2048w, https:\/\/mcriotourguide.com\/wp-content\/uploads\/2024\/05\/unnamed-2-200x150.jpg 200w, https:\/\/mcriotourguide.com\/wp-content\/uploads\/2024\/05\/unnamed-2-600x450.jpg 600w\" sizes=\"(max-width: 2560px) 100vw, 2560px\" \/>\t\t\t\t\t\t\t\t\t\t\t\t\t\t\t<\/div>\n\t\t\t\t<\/div>\n\t\t\t\t\t<\/div>\n\t\t<\/div>\n\t\t\t\t\t<\/div>\n\t\t<\/section>\n\t\t\t\t<section class=\"elementor-section elementor-top-section elementor-element elementor-element-117a506 elementor-section-boxed elementor-section-height-default elementor-section-height-default\" data-id=\"117a506\" data-element_type=\"section\">\n\t\t\t\t\t\t<div class=\"elementor-container elementor-column-gap-default\">\n\t\t\t\t\t<div class=\"aux-parallax-section elementor-column elementor-col-100 elementor-top-column elementor-element elementor-element-6bd7f1d\" data-id=\"6bd7f1d\" data-element_type=\"column\">\n\t\t\t<div class=\"elementor-widget-wrap elementor-element-populated\">\n\t\t\t\t\t\t<div class=\"elementor-element elementor-element-86d885a elementor-widget elementor-widget-gallery\" data-id=\"86d885a\" data-element_type=\"widget\" data-settings=\"{&quot;gallery_layout&quot;:&quot;justified&quot;,&quot;lazyload&quot;:&quot;yes&quot;,&quot;ideal_row_height&quot;:{&quot;unit&quot;:&quot;px&quot;,&quot;size&quot;:200,&quot;sizes&quot;:[]},&quot;ideal_row_height_tablet&quot;:{&quot;unit&quot;:&quot;px&quot;,&quot;size&quot;:150,&quot;sizes&quot;:[]},&quot;ideal_row_height_mobile&quot;:{&quot;unit&quot;:&quot;px&quot;,&quot;size&quot;:150,&quot;sizes&quot;:[]},&quot;gap&quot;:{&quot;unit&quot;:&quot;px&quot;,&quot;size&quot;:10,&quot;sizes&quot;:[]},&quot;gap_tablet&quot;:{&quot;unit&quot;:&quot;px&quot;,&quot;size&quot;:10,&quot;sizes&quot;:[]},&quot;gap_mobile&quot;:{&quot;unit&quot;:&quot;px&quot;,&quot;size&quot;:10,&quot;sizes&quot;:[]},&quot;link_to&quot;:&quot;file&quot;,&quot;overlay_background&quot;:&quot;yes&quot;,&quot;content_hover_animation&quot;:&quot;fade-in&quot;}\" data-widget_type=\"gallery.default\">\n\t\t\t\t<div class=\"elementor-widget-container\">\n\t\t\t\t\t\t\t<div class=\"elementor-gallery__container\">\n\t\t\t\t\t\t\t<a class=\"e-gallery-item elementor-gallery-item elementor-animated-content\" href=\"https:\/\/mcriotourguide.com\/wp-content\/uploads\/2024\/03\/RJentardecer001.jpg\" data-elementor-open-lightbox=\"yes\" data-elementor-lightbox-slideshow=\"86d885a\" data-elementor-lightbox-title=\"RJentardecer001\" data-e-action-hash=\"#elementor-action%3Aaction%3Dlightbox%26settings%3DeyJpZCI6ODQ3LCJ1cmwiOiJodHRwczpcL1wvbWNyaW90b3VyZ3VpZGUuY29tXC93cC1jb250ZW50XC91cGxvYWRzXC8yMDI0XC8wM1wvUkplbnRhcmRlY2VyMDAxLmpwZyIsInNsaWRlc2hvdyI6Ijg2ZDg4NWEifQ%3D%3D\">\n\t\t\t\t\t<div class=\"e-gallery-image elementor-gallery-item__image\" data-thumbnail=\"https:\/\/mcriotourguide.com\/wp-content\/uploads\/2024\/03\/RJentardecer001-300x300.jpg\" data-width=\"300\" data-height=\"300\" aria-label=\"\" role=\"img\" ><\/div>\n\t\t\t\t\t\t\t\t\t\t\t<div class=\"elementor-gallery-item__overlay\"><\/div>\n\t\t\t\t\t\t\t\t\t\t\t\t\t\t<\/a>\n\t\t\t\t\t\t\t<a class=\"e-gallery-item elementor-gallery-item elementor-animated-content\" href=\"https:\/\/mcriotourguide.com\/wp-content\/uploads\/2024\/03\/macacocorcovado01.jpg\" data-elementor-open-lightbox=\"yes\" data-elementor-lightbox-slideshow=\"86d885a\" data-elementor-lightbox-title=\"macacocorcovado01\" data-e-action-hash=\"#elementor-action%3Aaction%3Dlightbox%26settings%3DeyJpZCI6ODQzLCJ1cmwiOiJodHRwczpcL1wvbWNyaW90b3VyZ3VpZGUuY29tXC93cC1jb250ZW50XC91cGxvYWRzXC8yMDI0XC8wM1wvbWFjYWNvY29yY292YWRvMDEuanBnIiwic2xpZGVzaG93IjoiODZkODg1YSJ9\">\n\t\t\t\t\t<div class=\"e-gallery-image elementor-gallery-item__image\" data-thumbnail=\"https:\/\/mcriotourguide.com\/wp-content\/uploads\/2024\/03\/macacocorcovado01-300x300.jpg\" data-width=\"300\" data-height=\"300\" aria-label=\"\" role=\"img\" ><\/div>\n\t\t\t\t\t\t\t\t\t\t\t<div class=\"elementor-gallery-item__overlay\"><\/div>\n\t\t\t\t\t\t\t\t\t\t\t\t\t\t<\/a>\n\t\t\t\t\t\t\t<a class=\"e-gallery-item elementor-gallery-item elementor-animated-content\" href=\"https:\/\/mcriotourguide.com\/wp-content\/uploads\/2024\/03\/mirante2irmaos010-rotated.jpg\" data-elementor-open-lightbox=\"yes\" data-elementor-lightbox-slideshow=\"86d885a\" data-elementor-lightbox-title=\"mirante2irmaos010\" data-e-action-hash=\"#elementor-action%3Aaction%3Dlightbox%26settings%3DeyJpZCI6ODM5LCJ1cmwiOiJodHRwczpcL1wvbWNyaW90b3VyZ3VpZGUuY29tXC93cC1jb250ZW50XC91cGxvYWRzXC8yMDI0XC8wM1wvbWlyYW50ZTJpcm1hb3MwMTAtcm90YXRlZC5qcGciLCJzbGlkZXNob3ciOiI4NmQ4ODVhIn0%3D\">\n\t\t\t\t\t<div class=\"e-gallery-image elementor-gallery-item__image\" data-thumbnail=\"https:\/\/mcriotourguide.com\/wp-content\/uploads\/2024\/03\/mirante2irmaos010-300x300.jpg\" data-width=\"300\" data-height=\"300\" aria-label=\"\" role=\"img\" ><\/div>\n\t\t\t\t\t\t\t\t\t\t\t<div class=\"elementor-gallery-item__overlay\"><\/div>\n\t\t\t\t\t\t\t\t\t\t\t\t\t\t<\/a>\n\t\t\t\t\t\t\t<a class=\"e-gallery-item elementor-gallery-item elementor-animated-content\" href=\"https:\/\/mcriotourguide.com\/wp-content\/uploads\/2024\/03\/PraiasRJ001.jpeg\" data-elementor-open-lightbox=\"yes\" data-elementor-lightbox-slideshow=\"86d885a\" data-elementor-lightbox-title=\"PraiasRJ001\" data-e-action-hash=\"#elementor-action%3Aaction%3Dlightbox%26settings%3DeyJpZCI6ODM1LCJ1cmwiOiJodHRwczpcL1wvbWNyaW90b3VyZ3VpZGUuY29tXC93cC1jb250ZW50XC91cGxvYWRzXC8yMDI0XC8wM1wvUHJhaWFzUkowMDEuanBlZyIsInNsaWRlc2hvdyI6Ijg2ZDg4NWEifQ%3D%3D\">\n\t\t\t\t\t<div class=\"e-gallery-image elementor-gallery-item__image\" data-thumbnail=\"https:\/\/mcriotourguide.com\/wp-content\/uploads\/2024\/03\/PraiasRJ001.jpeg\" data-width=\"300\" data-height=\"168\" aria-label=\"\" role=\"img\" ><\/div>\n\t\t\t\t\t\t\t\t\t\t\t<div class=\"elementor-gallery-item__overlay\"><\/div>\n\t\t\t\t\t\t\t\t\t\t\t\t\t\t<\/a>\n\t\t\t\t\t\t\t<a class=\"e-gallery-item elementor-gallery-item elementor-animated-content\" href=\"https:\/\/mcriotourguide.com\/wp-content\/uploads\/2024\/03\/Riospots001-rotated.jpg\" data-elementor-open-lightbox=\"yes\" data-elementor-lightbox-slideshow=\"86d885a\" data-elementor-lightbox-title=\"Riospots001\" data-e-action-hash=\"#elementor-action%3Aaction%3Dlightbox%26settings%3DeyJpZCI6ODMxLCJ1cmwiOiJodHRwczpcL1wvbWNyaW90b3VyZ3VpZGUuY29tXC93cC1jb250ZW50XC91cGxvYWRzXC8yMDI0XC8wM1wvUmlvc3BvdHMwMDEtcm90YXRlZC5qcGciLCJzbGlkZXNob3ciOiI4NmQ4ODVhIn0%3D\">\n\t\t\t\t\t<div class=\"e-gallery-image elementor-gallery-item__image\" data-thumbnail=\"https:\/\/mcriotourguide.com\/wp-content\/uploads\/2024\/03\/Riospots001-300x300.jpg\" data-width=\"300\" data-height=\"300\" aria-label=\"\" role=\"img\" ><\/div>\n\t\t\t\t\t\t\t\t\t\t\t<div class=\"elementor-gallery-item__overlay\"><\/div>\n\t\t\t\t\t\t\t\t\t\t\t\t\t\t<\/a>\n\t\t\t\t\t<\/div>\n\t\t\t\t\t<\/div>\n\t\t\t\t<\/div>\n\t\t\t\t\t<\/div>\n\t\t<\/div>\n\t\t\t\t\t<\/div>\n\t\t<\/section>\n\t\t\t\t<section class=\"elementor-section elementor-top-section elementor-element elementor-element-7103a3e1 elementor-section-content-middle elementor-section-boxed elementor-section-height-default elementor-section-height-default\" data-id=\"7103a3e1\" data-element_type=\"section\">\n\t\t\t\t\t\t<div class=\"elementor-container elementor-column-gap-no\">\n\t\t\t\t\t<div class=\"aux-parallax-section elementor-column elementor-col-100 elementor-top-column elementor-element elementor-element-3f988564\" data-id=\"3f988564\" data-element_type=\"column\">\n\t\t\t<div class=\"elementor-widget-wrap elementor-element-populated\">\n\t\t\t\t\t\t<div class=\"elementor-element elementor-element-22c7b0d1 elementor-widget elementor-widget-heading\" data-id=\"22c7b0d1\" data-element_type=\"widget\" data-widget_type=\"heading.default\">\n\t\t\t\t<div class=\"elementor-widget-container\">\n\t\t\t\t\t<h4 class=\"elementor-heading-title elementor-size-default\">Visite propos\u00e9e \u00e0 titre priv\u00e9 sur une dur\u00e9e de <br>4 heures, pour un maximum de 4 passagers.<\/h4>\t\t\t\t<\/div>\n\t\t\t\t<\/div>\n\t\t\t\t<div class=\"elementor-element elementor-element-612cbf97 elementor-widget elementor-widget-text-editor\" data-id=\"612cbf97\" data-element_type=\"widget\" data-widget_type=\"text-editor.default\">\n\t\t\t\t<div class=\"elementor-widget-container\">\n\t\t\t\t\t\t\t\t\t<div dir=\"ltr\"><p>Prix \u200b\u200b\u00e0 partir de 120,00 U$ sur une base priv\u00e9e.<\/p><\/div><p><strong>Groupes de 12 personnes maximum sur demande. <\/strong><\/p>\t\t\t\t\t\t\t\t<\/div>\n\t\t\t\t<\/div>\n\t\t\t\t<div class=\"elementor-element elementor-element-39692340 elementor-align-center elementor-widget elementor-widget-button\" data-id=\"39692340\" data-element_type=\"widget\" data-widget_type=\"button.default\">\n\t\t\t\t<div class=\"elementor-widget-container\">\n\t\t\t\t\t\t\t\t\t<div class=\"elementor-button-wrapper\">\n\t\t\t\t\t<a class=\"elementor-button elementor-button-link elementor-size-sm elementor-animation-grow\" href=\"https:\/\/mcriotourguide.com\/fr\/contact\/\">\n\t\t\t\t\t\t<span class=\"elementor-button-content-wrapper\">\n\t\t\t\t\t\t\t\t\t<span class=\"elementor-button-text\">Citation requise<\/span>\n\t\t\t\t\t<\/span>\n\t\t\t\t\t<\/a>\n\t\t\t\t<\/div>\n\t\t\t\t\t\t\t\t<\/div>\n\t\t\t\t<\/div>\n\t\t\t\t\t<\/div>\n\t\t<\/div>\n\t\t\t\t\t<\/div>\n\t\t<\/section>\n\t\t\t\t<\/div>\n\t\t","protected":false},"excerpt":{"rendered":"<p>VISITE PHOTOGRAPHIQUE DE RIO Rio de Janeiro offre aux amateurs de photographie des dizaines de lieux offrant des vues imprenables sur une g\u00e9ographie unique au monde. Des plages, la for\u00eat atlantique (la for\u00eat caract\u00e9ristique de la r\u00e9gion) et des collines, en plus de vues exub\u00e9rantes depuis les diff\u00e9rents points de vue r\u00e9partis \u00e0 travers le [&hellip;]<\/p>\n","protected":false},"author":1,"featured_media":0,"parent":0,"menu_order":0,"comment_status":"closed","ping_status":"closed","template":"","meta":{"footnotes":""},"class_list":["post-1422","page","type-page","status-publish","hentry"],"_links":{"self":[{"href":"https:\/\/mcriotourguide.com\/fr\/wp-json\/wp\/v2\/pages\/1422","targetHints":{"allow":["GET"]}}],"collection":[{"href":"https:\/\/mcriotourguide.com\/fr\/wp-json\/wp\/v2\/pages"}],"about":[{"href":"https:\/\/mcriotourguide.com\/fr\/wp-json\/wp\/v2\/types\/page"}],"author":[{"embeddable":true,"href":"https:\/\/mcriotourguide.com\/fr\/wp-json\/wp\/v2\/users\/1"}],"replies":[{"embeddable":true,"href":"https:\/\/mcriotourguide.com\/fr\/wp-json\/wp\/v2\/comments?post=1422"}],"version-history":[{"count":10,"href":"https:\/\/mcriotourguide.com\/fr\/wp-json\/wp\/v2\/pages\/1422\/revisions"}],"predecessor-version":[{"id":2375,"href":"https:\/\/mcriotourguide.com\/fr\/wp-json\/wp\/v2\/pages\/1422\/revisions\/2375"}],"wp:attachment":[{"href":"https:\/\/mcriotourguide.com\/fr\/wp-json\/wp\/v2\/media?parent=1422"}],"curies":[{"name":"wp","href":"https:\/\/api.w.org\/{rel}","templated":true}]}}