{"id":1310,"date":"2024-03-27T20:44:33","date_gmt":"2024-03-27T23:44:33","guid":{"rendered":"https:\/\/mcriotourguide.com\/marcelo-costa\/"},"modified":"2024-04-10T07:46:24","modified_gmt":"2024-04-10T10:46:24","slug":"marcelo-costa","status":"publish","type":"page","link":"https:\/\/mcriotourguide.com\/fr\/marcelo-costa\/","title":{"rendered":"Marcelo Costa"},"content":{"rendered":"\t\t<div data-elementor-type=\"wp-page\" data-elementor-id=\"1310\" class=\"elementor elementor-1310\" data-elementor-post-type=\"page\">\n\t\t\t\t\t\t<section class=\"elementor-section elementor-top-section elementor-element elementor-element-6351150b elementor-section-full_width elementor-section-content-middle elementor-section-height-default elementor-section-height-default\" data-id=\"6351150b\" data-element_type=\"section\">\n\t\t\t\t\t\t<div class=\"elementor-container elementor-column-gap-no\">\n\t\t\t\t\t<div class=\"aux-parallax-section elementor-column elementor-col-33 elementor-top-column elementor-element elementor-element-7da7b53a\" data-id=\"7da7b53a\" data-element_type=\"column\">\n\t\t\t<div class=\"elementor-widget-wrap elementor-element-populated\">\n\t\t\t\t\t\t<div class=\"elementor-element elementor-element-4e1dc130 elementor-widget elementor-widget-heading\" data-id=\"4e1dc130\" data-element_type=\"widget\" data-widget_type=\"heading.default\">\n\t\t\t\t<div class=\"elementor-widget-container\">\n\t\t\t\t\t<h3 class=\"elementor-heading-title elementor-size-default\">\u00c0 propos de Marcelo Costa<\/h3>\t\t\t\t<\/div>\n\t\t\t\t<\/div>\n\t\t\t\t<div class=\"elementor-element elementor-element-4f1772e2 elementor-widget-divider--view-line elementor-widget elementor-widget-divider\" data-id=\"4f1772e2\" data-element_type=\"widget\" data-widget_type=\"divider.default\">\n\t\t\t\t<div class=\"elementor-widget-container\">\n\t\t\t\t\t\t\t<div class=\"elementor-divider\">\n\t\t\t<span class=\"elementor-divider-separator\">\n\t\t\t\t\t\t<\/span>\n\t\t<\/div>\n\t\t\t\t\t\t<\/div>\n\t\t\t\t<\/div>\n\t\t\t\t\t<\/div>\n\t\t<\/div>\n\t\t\t\t<div class=\"aux-parallax-section elementor-column elementor-col-33 elementor-top-column elementor-element elementor-element-6eda5ee0\" data-id=\"6eda5ee0\" data-element_type=\"column\">\n\t\t\t<div class=\"elementor-widget-wrap elementor-element-populated\">\n\t\t\t\t\t\t<div class=\"elementor-element elementor-element-3ec7b782 elementor-widget elementor-widget-text-editor\" data-id=\"3ec7b782\" data-element_type=\"widget\" data-widget_type=\"text-editor.default\">\n\t\t\t\t<div class=\"elementor-widget-container\">\n\t\t\t\t\t\t\t\t\t<p>J&rsquo;ai consacr\u00e9 ma vie professionnelle \u00e0 l&rsquo;industrie du tourisme et aux exp\u00e9riences de voyage, ayant pu travailler dans certaines r\u00e9gions du monde, apprenant de diff\u00e9rentes cultures et essayant de comprendre les besoins des clients les plus divers. Le Mexique, Isra\u00ebl, le Qatar, le Portugal, les \u00c9tats-Unis, la France, le Br\u00e9sil, sont quelques-unes de mes exp\u00e9riences en tant qu&rsquo;agent et op\u00e9rateur de voyages et de tourisme.<\/p><p>Mon objectif est de pr\u00e9senter les nombreux visages et possibilit\u00e9s de ce pays continental, le Br\u00e9sil et surtout Rio de Janeiro, \u00e0 mes clients du monde entier.<\/p><p>L&rsquo;\u00e9cotourisme, la gastronomie, la musique, le folklore, le sport, etc&#8230; et surtout le peuple br\u00e9silien.<\/p><p>Je vous invite \u00e0 nous rendre visite et \u00e0 vivre une exp\u00e9rience br\u00e9silienne avec moi et mon \u00e9quipe, que ce soit en pr\u00e9parant un itin\u00e9raire personnalis\u00e9 et, si possible, en vous guidant \u00e0 travers cette exp\u00e9rience.<\/p><p>Je propose egalement des services pour la cr\u00e9ation d\u00b4itin\u00e9raires personnalis\u00e9s em fonction des besoins de nos clients.<\/p><p>Alors? On se voit \u00e0 Rio?<\/p>\t\t\t\t\t\t\t\t<\/div>\n\t\t\t\t<\/div>\n\t\t\t\t\t<\/div>\n\t\t<\/div>\n\t\t\t\t<div class=\"aux-parallax-section elementor-column elementor-col-33 elementor-top-column elementor-element elementor-element-c9f1487\" data-id=\"c9f1487\" data-element_type=\"column\">\n\t\t\t<div class=\"elementor-widget-wrap elementor-element-populated\">\n\t\t\t\t\t\t<div class=\"elementor-element elementor-element-1e615416 elementor-widget elementor-widget-image\" data-id=\"1e615416\" data-element_type=\"widget\" data-widget_type=\"image.default\">\n\t\t\t\t<div class=\"elementor-widget-container\">\n\t\t\t\t\t\t\t\t\t\t\t\t\t\t\t<img fetchpriority=\"high\" decoding=\"async\" width=\"1280\" height=\"1280\" src=\"https:\/\/mcriotourguide.com\/wp-content\/uploads\/2024\/03\/m1.jpg\" class=\"attachment-full size-full wp-image-1302\" alt=\"\" srcset=\"https:\/\/mcriotourguide.com\/wp-content\/uploads\/2024\/03\/m1.jpg 1280w, https:\/\/mcriotourguide.com\/wp-content\/uploads\/2024\/03\/m1-300x300.jpg 300w, https:\/\/mcriotourguide.com\/wp-content\/uploads\/2024\/03\/m1-1024x1024.jpg 1024w, https:\/\/mcriotourguide.com\/wp-content\/uploads\/2024\/03\/m1-150x150.jpg 150w, https:\/\/mcriotourguide.com\/wp-content\/uploads\/2024\/03\/m1-768x768.jpg 768w, https:\/\/mcriotourguide.com\/wp-content\/uploads\/2024\/03\/m1-200x200.jpg 200w, https:\/\/mcriotourguide.com\/wp-content\/uploads\/2024\/03\/m1-600x600.jpg 600w, https:\/\/mcriotourguide.com\/wp-content\/uploads\/2024\/03\/m1-100x100.jpg 100w\" sizes=\"(max-width: 1280px) 100vw, 1280px\" \/>\t\t\t\t\t\t\t\t\t\t\t\t\t\t\t<\/div>\n\t\t\t\t<\/div>\n\t\t\t\t<div class=\"elementor-element elementor-element-d53a20c elementor-widget elementor-widget-image\" data-id=\"d53a20c\" data-element_type=\"widget\" data-widget_type=\"image.default\">\n\t\t\t\t<div class=\"elementor-widget-container\">\n\t\t\t\t\t\t\t\t\t\t\t\t\t\t\t<img decoding=\"async\" width=\"220\" height=\"220\" src=\"https:\/\/mcriotourguide.com\/wp-content\/uploads\/2024\/03\/m2.jpg\" class=\"attachment-full size-full wp-image-1298\" alt=\"\" srcset=\"https:\/\/mcriotourguide.com\/wp-content\/uploads\/2024\/03\/m2.jpg 220w, https:\/\/mcriotourguide.com\/wp-content\/uploads\/2024\/03\/m2-150x150.jpg 150w, https:\/\/mcriotourguide.com\/wp-content\/uploads\/2024\/03\/m2-200x200.jpg 200w, https:\/\/mcriotourguide.com\/wp-content\/uploads\/2024\/03\/m2-100x100.jpg 100w\" sizes=\"(max-width: 220px) 100vw, 220px\" \/>\t\t\t\t\t\t\t\t\t\t\t\t\t\t\t<\/div>\n\t\t\t\t<\/div>\n\t\t\t\t\t<\/div>\n\t\t<\/div>\n\t\t\t\t\t<\/div>\n\t\t<\/section>\n\t\t\t\t<\/div>\n\t\t","protected":false},"excerpt":{"rendered":"<p>\u00c0 propos de Marcelo Costa J&rsquo;ai consacr\u00e9 ma vie professionnelle \u00e0 l&rsquo;industrie du tourisme et aux exp\u00e9riences de voyage, ayant pu travailler dans certaines r\u00e9gions du monde, apprenant de diff\u00e9rentes cultures et essayant de comprendre les besoins des clients les plus divers. Le Mexique, Isra\u00ebl, le Qatar, le Portugal, les \u00c9tats-Unis, la France, le Br\u00e9sil, [&hellip;]<\/p>\n","protected":false},"author":1,"featured_media":0,"parent":0,"menu_order":0,"comment_status":"closed","ping_status":"closed","template":"","meta":{"footnotes":""},"class_list":["post-1310","page","type-page","status-publish","hentry"],"_links":{"self":[{"href":"https:\/\/mcriotourguide.com\/fr\/wp-json\/wp\/v2\/pages\/1310","targetHints":{"allow":["GET"]}}],"collection":[{"href":"https:\/\/mcriotourguide.com\/fr\/wp-json\/wp\/v2\/pages"}],"about":[{"href":"https:\/\/mcriotourguide.com\/fr\/wp-json\/wp\/v2\/types\/page"}],"author":[{"embeddable":true,"href":"https:\/\/mcriotourguide.com\/fr\/wp-json\/wp\/v2\/users\/1"}],"replies":[{"embeddable":true,"href":"https:\/\/mcriotourguide.com\/fr\/wp-json\/wp\/v2\/comments?post=1310"}],"version-history":[{"count":6,"href":"https:\/\/mcriotourguide.com\/fr\/wp-json\/wp\/v2\/pages\/1310\/revisions"}],"predecessor-version":[{"id":1360,"href":"https:\/\/mcriotourguide.com\/fr\/wp-json\/wp\/v2\/pages\/1310\/revisions\/1360"}],"wp:attachment":[{"href":"https:\/\/mcriotourguide.com\/fr\/wp-json\/wp\/v2\/media?parent=1310"}],"curies":[{"name":"wp","href":"https:\/\/api.w.org\/{rel}","templated":true}]}}