{"id":2185,"date":"2024-04-25T09:35:54","date_gmt":"2024-04-25T12:35:54","guid":{"rendered":"https:\/\/mcriotourguide.com\/the-state-of-rio\/"},"modified":"2024-05-07T09:15:47","modified_gmt":"2024-05-07T12:15:47","slug":"the-state-of-rio","status":"publish","type":"page","link":"https:\/\/mcriotourguide.com\/es\/the-state-of-rio\/","title":{"rendered":"En Todo el Estado de R\u00edo de Janeiro"},"content":{"rendered":"\t\t<div data-elementor-type=\"wp-page\" data-elementor-id=\"2185\" class=\"elementor elementor-2185\" data-elementor-post-type=\"page\">\n\t\t\t\t\t\t<section class=\"elementor-section elementor-top-section elementor-element elementor-element-28de8941 elementor-section-content-middle elementor-section-boxed elementor-section-height-default elementor-section-height-default\" data-id=\"28de8941\" data-element_type=\"section\" data-e-type=\"section\">\n\t\t\t\t\t\t<div class=\"elementor-container elementor-column-gap-no\">\n\t\t\t\t\t<div class=\"aux-parallax-section elementor-column elementor-col-50 elementor-top-column elementor-element elementor-element-2f3597a9\" data-id=\"2f3597a9\" data-element_type=\"column\" data-e-type=\"column\">\n\t\t\t<div class=\"elementor-widget-wrap elementor-element-populated\">\n\t\t\t\t\t\t<div class=\"elementor-element elementor-element-6c8aec03 elementor-widget-divider--view-line elementor-widget elementor-widget-divider\" data-id=\"6c8aec03\" data-element_type=\"widget\" data-e-type=\"widget\" data-widget_type=\"divider.default\">\n\t\t\t\t<div class=\"elementor-widget-container\">\n\t\t\t\t\t\t\t<div class=\"elementor-divider\">\n\t\t\t<span class=\"elementor-divider-separator\">\n\t\t\t\t\t\t<\/span>\n\t\t<\/div>\n\t\t\t\t\t\t<\/div>\n\t\t\t\t<\/div>\n\t\t\t\t<div class=\"elementor-element elementor-element-5c74795f elementor-widget elementor-widget-heading\" data-id=\"5c74795f\" data-element_type=\"widget\" data-e-type=\"widget\" data-widget_type=\"heading.default\">\n\t\t\t\t<div class=\"elementor-widget-container\">\n\t\t\t\t\t<h4 class=\"elementor-heading-title elementor-size-default\">LA COSTA DEL SOL <\/h4>\t\t\t\t<\/div>\n\t\t\t\t<\/div>\n\t\t\t\t<div class=\"elementor-element elementor-element-4c517d9 elementor-widget elementor-widget-aux_touch_slider\" data-id=\"4c517d9\" data-element_type=\"widget\" data-e-type=\"widget\" data-widget_type=\"aux_touch_slider.default\">\n\t\t\t\t<div class=\"elementor-widget-container\">\n\t\t\t\t\t<section class=\"widget-container aux-widget-touch-slider aux-widget-post-slider aux-parent-au0cf2eb6e\"><div class=\"master-carousel-slider aux-latest-posts-slider aux-no-js aux-light-skin\" data-empty-height=\"560\" data-navigation=\"peritem\" data-space=\"0\" data-auto-height=\"true\" data-delay=\"2\" data-loop=\"yes\" data-autoplay=\"1\">        <div class=\"aux-mc-item\" >\n                <div class=\"aux-slide-media\">\n                    <div class=\"aux-media-frame aux-media-image\"><img fetchpriority=\"high\" decoding=\"async\" width=\"960\" height=\"560\" src=\"https:\/\/mcriotourguide.com\/wp-content\/uploads\/2024\/05\/saquarema-rj-960x560.webp\" class=\"auxin-attachment attachment-960x560\" alt=\"saquarema-rj\" \/><\/div>\n                <\/div>\n                    <\/div>\n\n        <div class=\"aux-mc-item\" >\n                <div class=\"aux-slide-media\">\n                    <div class=\"aux-media-frame aux-media-image\"><img decoding=\"async\" width=\"960\" height=\"560\" src=\"https:\/\/mcriotourguide.com\/wp-content\/uploads\/2024\/05\/07.png\" class=\"auxin-attachment attachment-960x560\" alt=\"07\" \/><\/div>\n                <\/div>\n                    <\/div>\n\n        <div class=\"aux-mc-item\" >\n                <div class=\"aux-slide-media\">\n                    <div class=\"aux-media-frame aux-media-image\"><img decoding=\"async\" width=\"960\" height=\"560\" src=\"https:\/\/mcriotourguide.com\/wp-content\/uploads\/2024\/05\/Praia-Azedinha-1024x767-1-960x560.jpg\" class=\"auxin-attachment attachment-960x560\" alt=\"Praia Azedinha em B\u00fazios - RJ - Brasil\" \/><\/div>\n                <\/div>\n                    <\/div>\n\n        <div class=\"aux-mc-item\" >\n                <div class=\"aux-slide-media\">\n                    <div class=\"aux-media-frame aux-media-image\"><img loading=\"lazy\" decoding=\"async\" width=\"960\" height=\"560\" src=\"https:\/\/mcriotourguide.com\/wp-content\/uploads\/2024\/05\/264640-Buzios-And-Vicinity-960x560.webp\" class=\"auxin-attachment attachment-960x560\" alt=\"264640-Buzios-And-Vicinity\" \/><\/div>\n                <\/div>\n                    <\/div>\n\n        <div class=\"aux-mc-item\" >\n                <div class=\"aux-slide-media\">\n                    <div class=\"aux-media-frame aux-media-image\"><img loading=\"lazy\" decoding=\"async\" width=\"960\" height=\"560\" src=\"https:\/\/mcriotourguide.com\/wp-content\/uploads\/2024\/05\/mergulho-em-arraial-do-cabo-barato-1024x576-1-960x560.jpg\" class=\"auxin-attachment attachment-960x560\" alt=\"mergulho-em-arraial-do-cabo-barato-1024x576\" \/><\/div>\n                <\/div>\n                    <\/div>\n\n        <div class=\"aux-mc-item\" >\n                <div class=\"aux-slide-media\">\n                    <div class=\"aux-media-frame aux-media-image\"><img loading=\"lazy\" decoding=\"async\" width=\"960\" height=\"560\" src=\"https:\/\/mcriotourguide.com\/wp-content\/uploads\/2024\/05\/praia-do-pontal-960x560.jpg\" class=\"auxin-attachment attachment-960x560\" alt=\"praia-do-pontal\" \/><\/div>\n                <\/div>\n                    <\/div>\n\n        <div class=\"aux-next-arrow aux-arrow-nav aux-white aux-round aux-hover-slide\">\n            <span class=\"aux-overlay\"><\/span>\n            <span class=\"aux-svg-arrow aux-medium-right\"><\/span>\n            <span class=\"aux-hover-arrow aux-svg-arrow aux-medium-right\"><\/span>\n        <\/div>\n        <div class=\"aux-prev-arrow aux-arrow-nav aux-white aux-round aux-hover-slide\">\n            <span class=\"aux-overlay\"><\/span>\n            <span class=\"aux-svg-arrow aux-medium-left\"><\/span>\n            <span class=\"aux-hover-arrow aux-svg-arrow aux-medium-left\"><\/span>\n        <\/div>\n<\/div><!-- aux-col-wrapper --><\/section><!-- widget-container -->\t\t\t\t<\/div>\n\t\t\t\t<\/div>\n\t\t\t\t\t<\/div>\n\t\t<\/div>\n\t\t\t\t<div class=\"aux-parallax-section elementor-column elementor-col-50 elementor-top-column elementor-element elementor-element-2692b60c\" data-id=\"2692b60c\" data-element_type=\"column\" data-e-type=\"column\">\n\t\t\t<div class=\"elementor-widget-wrap elementor-element-populated\">\n\t\t\t\t\t\t<div class=\"elementor-element elementor-element-c00515c elementor-widget elementor-widget-heading\" data-id=\"c00515c\" data-element_type=\"widget\" data-e-type=\"widget\" data-widget_type=\"heading.default\">\n\t\t\t\t<div class=\"elementor-widget-container\">\n\t\t\t\t\t<h2 class=\"elementor-heading-title elementor-size-default\">B\u00daZIOS, ARRAIAL DO CABO Y SAQUAREMA<\/h2>\t\t\t\t<\/div>\n\t\t\t\t<\/div>\n\t\t\t\t<div class=\"elementor-element elementor-element-5a0a0376 elementor-widget elementor-widget-text-editor\" data-id=\"5a0a0376\" data-element_type=\"widget\" data-e-type=\"widget\" data-widget_type=\"text-editor.default\">\n\t\t\t\t<div class=\"elementor-widget-container\">\n\t\t\t\t\t\t\t\t\t<p>La costa norte de R\u00edo de Janeiro es un destino para los amantes del sol, el mar y los deportes extremos.<\/p><p>Desde la d\u00e9cada de 1950, despu\u00e9s de la visita de Brigite Bardot, el peque\u00f1o pueblo pesquero de Arma\u00e7\u00e3o dos B\u00fazios nunca volvi\u00f3 a ser el mismo. Hermosas playas enmarcadas por la naturaleza salvaje, bajo el sol de verano pr\u00e1cticamente todo el a\u00f1o, acompa\u00f1adas de una gastronom\u00eda a base de mariscos, B\u00fazios es la opci\u00f3n para pasar unos d\u00edas de relax junto al mar, o explorar la geograf\u00eda de la regi\u00f3n, ya sea por mar o por tierra, descubriendo sus playas.<\/p><p>A pocos kil\u00f3metros de B\u00fazios se encuentra Arraial do Cabo. Bucear en sus aguas transparentes y llenas de vida marina es uno de los principales atractivos de esta parte del litoral carioca.<\/p><p>Para los amantes de los deportes m\u00e1s extremos, est\u00e1 Saquarema. Templo Brasile\u00f1o del Surf, de aguas cristalinas y abundante oleaje, tambi\u00e9n ofrece Kitesurf, Canotaje hawaiano y senderismo entre otras actividades al aire libre.<\/p>\t\t\t\t\t\t\t\t<\/div>\n\t\t\t\t<\/div>\n\t\t\t\t<div class=\"elementor-element elementor-element-53a12bf elementor-widget elementor-widget-button\" data-id=\"53a12bf\" data-element_type=\"widget\" data-e-type=\"widget\" data-widget_type=\"button.default\">\n\t\t\t\t<div class=\"elementor-widget-container\">\n\t\t\t\t\t\t\t\t\t<div class=\"elementor-button-wrapper\">\n\t\t\t\t\t<a class=\"elementor-button elementor-button-link elementor-size-sm\" href=\"https:\/\/mcriotourguide.com\/contact-us\/\">\n\t\t\t\t\t\t<span class=\"elementor-button-content-wrapper\">\n\t\t\t\t\t\t\t\t\t<span class=\"elementor-button-text\">Ponte en contacto y d\u00e9jame ayudarte a preparar el mejor itinerario por la regi\u00f3n.<\/span>\n\t\t\t\t\t<\/span>\n\t\t\t\t\t<\/a>\n\t\t\t\t<\/div>\n\t\t\t\t\t\t\t\t<\/div>\n\t\t\t\t<\/div>\n\t\t\t\t\t<\/div>\n\t\t<\/div>\n\t\t\t\t\t<\/div>\n\t\t<\/section>\n\t\t\t\t<section class=\"elementor-section elementor-top-section elementor-element elementor-element-f410b6c elementor-section-boxed elementor-section-height-default elementor-section-height-default\" data-id=\"f410b6c\" data-element_type=\"section\" data-e-type=\"section\">\n\t\t\t\t\t\t<div class=\"elementor-container elementor-column-gap-default\">\n\t\t\t\t\t<div class=\"aux-parallax-section elementor-column elementor-col-100 elementor-top-column elementor-element elementor-element-735ae27\" data-id=\"735ae27\" data-element_type=\"column\" data-e-type=\"column\">\n\t\t\t<div class=\"elementor-widget-wrap elementor-element-populated\">\n\t\t\t\t\t\t<div class=\"elementor-element elementor-element-c1272b6 elementor-widget-divider--view-line elementor-widget elementor-widget-divider\" data-id=\"c1272b6\" data-element_type=\"widget\" data-e-type=\"widget\" data-widget_type=\"divider.default\">\n\t\t\t\t<div class=\"elementor-widget-container\">\n\t\t\t\t\t\t\t<div class=\"elementor-divider\">\n\t\t\t<span class=\"elementor-divider-separator\">\n\t\t\t\t\t\t<\/span>\n\t\t<\/div>\n\t\t\t\t\t\t<\/div>\n\t\t\t\t<\/div>\n\t\t\t\t\t<\/div>\n\t\t<\/div>\n\t\t\t\t\t<\/div>\n\t\t<\/section>\n\t\t\t\t<section class=\"elementor-section elementor-top-section elementor-element elementor-element-8afee52 elementor-section-content-middle elementor-section-boxed elementor-section-height-default elementor-section-height-default\" data-id=\"8afee52\" data-element_type=\"section\" data-e-type=\"section\">\n\t\t\t\t\t\t<div class=\"elementor-container elementor-column-gap-no\">\n\t\t\t\t\t<div class=\"aux-parallax-section elementor-column elementor-col-50 elementor-top-column elementor-element elementor-element-76d308a\" data-id=\"76d308a\" data-element_type=\"column\" data-e-type=\"column\">\n\t\t\t<div class=\"elementor-widget-wrap elementor-element-populated\">\n\t\t\t\t\t\t<div class=\"elementor-element elementor-element-f2a3dc1 elementor-widget-divider--view-line elementor-widget elementor-widget-divider\" data-id=\"f2a3dc1\" data-element_type=\"widget\" data-e-type=\"widget\" data-widget_type=\"divider.default\">\n\t\t\t\t<div class=\"elementor-widget-container\">\n\t\t\t\t\t\t\t<div class=\"elementor-divider\">\n\t\t\t<span class=\"elementor-divider-separator\">\n\t\t\t\t\t\t<\/span>\n\t\t<\/div>\n\t\t\t\t\t\t<\/div>\n\t\t\t\t<\/div>\n\t\t\t\t<div class=\"elementor-element elementor-element-38b1237 elementor-widget elementor-widget-heading\" data-id=\"38b1237\" data-element_type=\"widget\" data-e-type=\"widget\" data-widget_type=\"heading.default\">\n\t\t\t\t<div class=\"elementor-widget-container\">\n\t\t\t\t\t<h4 class=\"elementor-heading-title elementor-size-default\">LA COSTA VERDE<\/h4>\t\t\t\t<\/div>\n\t\t\t\t<\/div>\n\t\t\t\t<div class=\"elementor-element elementor-element-9ce25ca elementor-widget elementor-widget-aux_touch_slider\" data-id=\"9ce25ca\" data-element_type=\"widget\" data-e-type=\"widget\" data-widget_type=\"aux_touch_slider.default\">\n\t\t\t\t<div class=\"elementor-widget-container\">\n\t\t\t\t\t<section class=\"widget-container aux-widget-touch-slider aux-widget-post-slider aux-parent-aub7e8c03c\"><div class=\"master-carousel-slider aux-latest-posts-slider aux-no-js aux-light-skin\" data-empty-height=\"560\" data-navigation=\"peritem\" data-space=\"0\" data-auto-height=\"true\" data-delay=\"2\" data-loop=\"yes\" data-autoplay=\"1\">        <div class=\"aux-mc-item\" >\n                <div class=\"aux-slide-media\">\n                    <div class=\"aux-media-frame aux-media-image\"><img loading=\"lazy\" decoding=\"async\" width=\"960\" height=\"560\" src=\"https:\/\/mcriotourguide.com\/wp-content\/uploads\/2024\/05\/Angra-dos-Reis-960x560.webp\" class=\"auxin-attachment attachment-960x560\" alt=\"Angra-dos-Reis\" \/><\/div>\n                <\/div>\n                    <\/div>\n\n        <div class=\"aux-mc-item\" >\n                <div class=\"aux-slide-media\">\n                    <div class=\"aux-media-frame aux-media-image\"><img loading=\"lazy\" decoding=\"async\" width=\"960\" height=\"560\" src=\"https:\/\/mcriotourguide.com\/wp-content\/uploads\/2024\/05\/CAPA-foto-ilha-grande-_-marco-Yamin-2-960x560.jpg\" class=\"auxin-attachment attachment-960x560\" alt=\"????????????????????????????????????\" \/><\/div>\n                <\/div>\n                    <\/div>\n\n        <div class=\"aux-mc-item\" >\n                <div class=\"aux-slide-media\">\n                    <div class=\"aux-media-frame aux-media-image\"><img loading=\"lazy\" decoding=\"async\" width=\"960\" height=\"560\" src=\"https:\/\/mcriotourguide.com\/wp-content\/uploads\/2024\/05\/Captura-de-tela-2024-05-07-084515.png\" class=\"auxin-attachment attachment-960x560\" alt=\"Captura de tela 2024-05-07 084515\" \/><\/div>\n                <\/div>\n                    <\/div>\n\n        <div class=\"aux-mc-item\" >\n                <div class=\"aux-slide-media\">\n                    <div class=\"aux-media-frame aux-media-image\"><img loading=\"lazy\" decoding=\"async\" width=\"960\" height=\"560\" src=\"https:\/\/mcriotourguide.com\/wp-content\/uploads\/2024\/05\/Captura-de-tela-2024-05-07-084533.png\" class=\"auxin-attachment attachment-960x560\" alt=\"Captura de tela 2024-05-07 084533\" \/><\/div>\n                <\/div>\n                    <\/div>\n\n        <div class=\"aux-mc-item\" >\n                <div class=\"aux-slide-media\">\n                    <div class=\"aux-media-frame aux-media-image\"><img loading=\"lazy\" decoding=\"async\" width=\"960\" height=\"560\" src=\"https:\/\/mcriotourguide.com\/wp-content\/uploads\/2024\/05\/Captura-de-tela-2024-05-07-084613-960x560.png\" class=\"auxin-attachment attachment-960x560\" alt=\"Captura de tela 2024-05-07 084613\" \/><\/div>\n                <\/div>\n                    <\/div>\n\n        <div class=\"aux-mc-item\" >\n                <div class=\"aux-slide-media\">\n                    <div class=\"aux-media-frame aux-media-image\"><img loading=\"lazy\" decoding=\"async\" width=\"960\" height=\"560\" src=\"https:\/\/mcriotourguide.com\/wp-content\/uploads\/2024\/05\/Captura-de-tela-2024-05-07-084632.png\" class=\"auxin-attachment attachment-960x560\" alt=\"Captura de tela 2024-05-07 084632\" \/><\/div>\n                <\/div>\n                    <\/div>\n\n        <div class=\"aux-mc-item\" >\n                <div class=\"aux-slide-media\">\n                    <div class=\"aux-media-frame aux-media-image\"><img loading=\"lazy\" decoding=\"async\" width=\"960\" height=\"560\" src=\"https:\/\/mcriotourguide.com\/wp-content\/uploads\/2024\/05\/Captura-de-tela-2024-05-07-084650.png\" class=\"auxin-attachment attachment-960x560\" alt=\"Captura de tela 2024-05-07 084650\" \/><\/div>\n                <\/div>\n                    <\/div>\n\n        <div class=\"aux-mc-item\" >\n                <div class=\"aux-slide-media\">\n                    <div class=\"aux-media-frame aux-media-image\"><img loading=\"lazy\" decoding=\"async\" width=\"960\" height=\"560\" src=\"https:\/\/mcriotourguide.com\/wp-content\/uploads\/2024\/05\/Captura-de-tela-2024-05-07-084721.png\" class=\"auxin-attachment attachment-960x560\" alt=\"Captura de tela 2024-05-07 084721\" \/><\/div>\n                <\/div>\n                    <\/div>\n\n        <div class=\"aux-next-arrow aux-arrow-nav aux-white aux-round aux-hover-slide\">\n            <span class=\"aux-overlay\"><\/span>\n            <span class=\"aux-svg-arrow aux-medium-right\"><\/span>\n            <span class=\"aux-hover-arrow aux-svg-arrow aux-medium-right\"><\/span>\n        <\/div>\n        <div class=\"aux-prev-arrow aux-arrow-nav aux-white aux-round aux-hover-slide\">\n            <span class=\"aux-overlay\"><\/span>\n            <span class=\"aux-svg-arrow aux-medium-left\"><\/span>\n            <span class=\"aux-hover-arrow aux-svg-arrow aux-medium-left\"><\/span>\n        <\/div>\n<\/div><!-- aux-col-wrapper --><\/section><!-- widget-container -->\t\t\t\t<\/div>\n\t\t\t\t<\/div>\n\t\t\t\t\t<\/div>\n\t\t<\/div>\n\t\t\t\t<div class=\"aux-parallax-section elementor-column elementor-col-50 elementor-top-column elementor-element elementor-element-5d8fa3f\" data-id=\"5d8fa3f\" data-element_type=\"column\" data-e-type=\"column\">\n\t\t\t<div class=\"elementor-widget-wrap elementor-element-populated\">\n\t\t\t\t\t\t<div class=\"elementor-element elementor-element-5133530 elementor-widget elementor-widget-text-editor\" data-id=\"5133530\" data-element_type=\"widget\" data-e-type=\"widget\" data-widget_type=\"text-editor.default\">\n\t\t\t\t<div class=\"elementor-widget-container\">\n\t\t\t\t\t\t\t\t\t<p>El Sur del Estado de R\u00edo de Janeiro ofrece algunos de los mejores destinos de Brasil para quienes aman la naturaleza. Rodeado por la Mata Atl\u00e1ntica, el ecosistema local, formado por monta\u00f1as, costa y una bah\u00eda con m\u00e1s de 300 islas paradis\u00edacas, adem\u00e1s de la hist\u00f3rica ciudad de Paraty. La Ba\u00eda de Angra dos Reis tiene, entre cientos de islas, la encantadora Ilha Grande. Un lugar de aventura desde la \u00e9poca de los piratas y la exploraci\u00f3n de oro, hasta hoy con sus senderos naturales y playas salvajes.<\/p>\t\t\t\t\t\t\t\t<\/div>\n\t\t\t\t<\/div>\n\t\t\t\t<div class=\"elementor-element elementor-element-c13a583 elementor-widget elementor-widget-button\" data-id=\"c13a583\" data-element_type=\"widget\" data-e-type=\"widget\" data-widget_type=\"button.default\">\n\t\t\t\t<div class=\"elementor-widget-container\">\n\t\t\t\t\t\t\t\t\t<div class=\"elementor-button-wrapper\">\n\t\t\t\t\t<a class=\"elementor-button elementor-button-link elementor-size-sm\" href=\"https:\/\/mcriotourguide.com\/contact-us\/\">\n\t\t\t\t\t\t<span class=\"elementor-button-content-wrapper\">\n\t\t\t\t\t\t\t\t\t<span class=\"elementor-button-text\">Consulta por itinerarios personalizados y reservas.<\/span>\n\t\t\t\t\t<\/span>\n\t\t\t\t\t<\/a>\n\t\t\t\t<\/div>\n\t\t\t\t\t\t\t\t<\/div>\n\t\t\t\t<\/div>\n\t\t\t\t\t<\/div>\n\t\t<\/div>\n\t\t\t\t\t<\/div>\n\t\t<\/section>\n\t\t\t\t<\/div>\n\t\t","protected":false},"excerpt":{"rendered":"<p>LA COSTA DEL SOL B\u00daZIOS, ARRAIAL DO CABO Y SAQUAREMA La costa norte de R\u00edo de Janeiro es un destino para los amantes del sol, el mar y los deportes extremos. Desde la d\u00e9cada de 1950, despu\u00e9s de la visita de Brigite Bardot, el peque\u00f1o pueblo pesquero de Arma\u00e7\u00e3o dos B\u00fazios nunca volvi\u00f3 a ser [&hellip;]<\/p>\n","protected":false},"author":1,"featured_media":0,"parent":0,"menu_order":0,"comment_status":"closed","ping_status":"closed","template":"","meta":{"footnotes":""},"class_list":["post-2185","page","type-page","status-publish","hentry"],"_links":{"self":[{"href":"https:\/\/mcriotourguide.com\/es\/wp-json\/wp\/v2\/pages\/2185","targetHints":{"allow":["GET"]}}],"collection":[{"href":"https:\/\/mcriotourguide.com\/es\/wp-json\/wp\/v2\/pages"}],"about":[{"href":"https:\/\/mcriotourguide.com\/es\/wp-json\/wp\/v2\/types\/page"}],"author":[{"embeddable":true,"href":"https:\/\/mcriotourguide.com\/es\/wp-json\/wp\/v2\/users\/1"}],"replies":[{"embeddable":true,"href":"https:\/\/mcriotourguide.com\/es\/wp-json\/wp\/v2\/comments?post=2185"}],"version-history":[{"count":4,"href":"https:\/\/mcriotourguide.com\/es\/wp-json\/wp\/v2\/pages\/2185\/revisions"}],"predecessor-version":[{"id":2195,"href":"https:\/\/mcriotourguide.com\/es\/wp-json\/wp\/v2\/pages\/2185\/revisions\/2195"}],"wp:attachment":[{"href":"https:\/\/mcriotourguide.com\/es\/wp-json\/wp\/v2\/media?parent=2185"}],"curies":[{"name":"wp","href":"https:\/\/api.w.org\/{rel}","templated":true}]}}